{"id":209,"date":"2025-09-23T10:21:01","date_gmt":"2025-09-23T08:21:01","guid":{"rendered":"https:\/\/schulke.de\/cms\/?page_id=209"},"modified":"2025-09-23T16:22:16","modified_gmt":"2025-09-23T14:22:16","slug":"spracherkennung","status":"publish","type":"page","link":"https:\/\/schulke.de\/cms\/produkte\/spracherkennung\/","title":{"rendered":"Spracherkennung"},"content":{"rendered":"\t\t<div data-elementor-type=\"wp-page\" data-elementor-id=\"209\" class=\"elementor elementor-209\">\n\t\t\t\t\t\t<section class=\"elementor-section elementor-top-section elementor-element elementor-element-1aa78ea elementor-section-height-min-height elementor-section-boxed elementor-section-height-default elementor-section-items-middle\" data-id=\"1aa78ea\" data-element_type=\"section\" data-e-type=\"section\" data-settings=\"{&quot;background_background&quot;:&quot;classic&quot;}\">\n\t\t\t\t\t\t<div class=\"elementor-container elementor-column-gap-default\">\n\t\t\t\t\t<div class=\"elementor-column elementor-col-100 elementor-top-column elementor-element elementor-element-b607939\" data-id=\"b607939\" data-element_type=\"column\" data-e-type=\"column\">\n\t\t\t<div class=\"elementor-widget-wrap\">\n\t\t\t\t\t\t\t<\/div>\n\t\t<\/div>\n\t\t\t\t\t<\/div>\n\t\t<\/section>\n\t\t\t\t<section class=\"elementor-section elementor-top-section elementor-element elementor-element-a047973 elementor-section-boxed elementor-section-height-default elementor-section-height-default\" data-id=\"a047973\" data-element_type=\"section\" data-e-type=\"section\">\n\t\t\t\t\t\t<div class=\"elementor-container elementor-column-gap-default\">\n\t\t\t\t\t<div class=\"elementor-column elementor-col-100 elementor-top-column elementor-element elementor-element-8fefd64\" data-id=\"8fefd64\" data-element_type=\"column\" data-e-type=\"column\">\n\t\t\t<div class=\"elementor-widget-wrap elementor-element-populated\">\n\t\t\t\t\t\t\t<\/div>\n\t\t<\/div>\n\t\t\t\t\t<\/div>\n\t\t<\/section>\n\t\t\t\t<section class=\"elementor-section elementor-top-section elementor-element elementor-element-8619d31 elementor-section-boxed elementor-section-height-default elementor-section-height-default\" data-id=\"8619d31\" data-element_type=\"section\" data-e-type=\"section\">\n\t\t\t\t\t\t<div class=\"elementor-container elementor-column-gap-default\">\n\t\t\t\t\t<div class=\"elementor-column elementor-col-100 elementor-top-column elementor-element elementor-element-16c9238\" data-id=\"16c9238\" data-element_type=\"column\" data-e-type=\"column\">\n\t\t\t<div class=\"elementor-widget-wrap elementor-element-populated\">\n\t\t\t\t\t\t<div class=\"elementor-element elementor-element-f74af54 elementor-widget elementor-widget-heading\" data-id=\"f74af54\" data-element_type=\"widget\" data-e-type=\"widget\" data-widget_type=\"heading.default\">\n\t\t\t\t\t<h1 class=\"elementor-heading-title elementor-size-xl\">Spracherkennung<\/h1>\t\t\t\t<\/div>\n\t\t\t\t\t<\/div>\n\t\t<\/div>\n\t\t\t\t\t<\/div>\n\t\t<\/section>\n\t\t\t\t<section class=\"elementor-section elementor-top-section elementor-element elementor-element-c740c9b elementor-section-boxed elementor-section-height-default elementor-section-height-default\" data-id=\"c740c9b\" data-element_type=\"section\" data-e-type=\"section\">\n\t\t\t\t\t\t<div class=\"elementor-container elementor-column-gap-default\">\n\t\t\t\t\t<div class=\"elementor-column elementor-col-100 elementor-top-column elementor-element elementor-element-a26a3d6\" data-id=\"a26a3d6\" data-element_type=\"column\" data-e-type=\"column\">\n\t\t\t<div class=\"elementor-widget-wrap elementor-element-populated\">\n\t\t\t\t\t\t\t<\/div>\n\t\t<\/div>\n\t\t\t\t\t<\/div>\n\t\t<\/section>\n\t\t\t\t<section class=\"elementor-section elementor-top-section elementor-element elementor-element-bcf38ba elementor-section-boxed elementor-section-height-default elementor-section-height-default\" data-id=\"bcf38ba\" data-element_type=\"section\" data-e-type=\"section\">\n\t\t\t\t\t\t<div class=\"elementor-container elementor-column-gap-default\">\n\t\t\t\t\t<div class=\"elementor-column elementor-col-100 elementor-top-column elementor-element elementor-element-3bf9402\" data-id=\"3bf9402\" data-element_type=\"column\" data-e-type=\"column\">\n\t\t\t<div class=\"elementor-widget-wrap elementor-element-populated\">\n\t\t\t\t\t\t<div class=\"elementor-element elementor-element-268baff elementor-widget elementor-widget-heading\" data-id=\"268baff\" data-element_type=\"widget\" data-e-type=\"widget\" data-widget_type=\"heading.default\">\n\t\t\t\t\t<h2 class=\"elementor-heading-title elementor-size-default\">Lassen Sie f\u00fcr sich schreiben<\/h2>\t\t\t\t<\/div>\n\t\t\t\t\t<\/div>\n\t\t<\/div>\n\t\t\t\t\t<\/div>\n\t\t<\/section>\n\t\t\t\t<section class=\"elementor-section elementor-top-section elementor-element elementor-element-df778d4 elementor-section-boxed elementor-section-height-default elementor-section-height-default\" data-id=\"df778d4\" data-element_type=\"section\" data-e-type=\"section\">\n\t\t\t\t\t\t<div class=\"elementor-container elementor-column-gap-default\">\n\t\t\t\t\t<div class=\"elementor-column elementor-col-100 elementor-top-column elementor-element elementor-element-b537e0f\" data-id=\"b537e0f\" data-element_type=\"column\" data-e-type=\"column\">\n\t\t\t<div class=\"elementor-widget-wrap elementor-element-populated\">\n\t\t\t\t\t\t<div class=\"elementor-element elementor-element-bb42154 elementor-widget elementor-widget-text-editor\" data-id=\"bb42154\" data-element_type=\"widget\" data-e-type=\"widget\" data-widget_type=\"text-editor.default\">\n\t\t\t\t\t\t\t\t\t<p>Unser Partner bietet Diktiersoftware f\u00fcr jede Anwendung. Basis f\u00fcr die Produkte mit Spracherkennung sind das bew\u00e4hrte Dragon\u00a0NaturallySpeaking Medical. Jedes der Produkte ist sein eigener kleiner Drache. Ob f\u00fcr einen Einzelplatz oder ein ganzes Netzwerk, mit Spracherkennung oder als rein digitales Diktat \u2013 zusammen mit uns finden Sie schnell das Produkt, das zu Ihnen passt.<\/p>\t\t\t\t\t\t\t\t<\/div>\n\t\t\t\t\t<\/div>\n\t\t<\/div>\n\t\t\t\t\t<\/div>\n\t\t<\/section>\n\t\t\t\t<section class=\"elementor-section elementor-top-section elementor-element elementor-element-22b89c8 elementor-section-boxed elementor-section-height-default elementor-section-height-default\" data-id=\"22b89c8\" data-element_type=\"section\" data-e-type=\"section\">\n\t\t\t\t\t\t<div class=\"elementor-container elementor-column-gap-default\">\n\t\t\t\t\t<div class=\"elementor-column elementor-col-100 elementor-top-column elementor-element elementor-element-115f594\" data-id=\"115f594\" data-element_type=\"column\" data-e-type=\"column\">\n\t\t\t<div class=\"elementor-widget-wrap elementor-element-populated\">\n\t\t\t\t\t\t<div class=\"elementor-element elementor-element-2d79c31 elementor-widget elementor-widget-image\" data-id=\"2d79c31\" data-element_type=\"widget\" data-e-type=\"widget\" data-widget_type=\"image.default\">\n\t\t\t\t\t\t\t\t\t\t\t\t\t\t\t<img decoding=\"async\" width=\"300\" height=\"109\" src=\"https:\/\/schulke.de\/cms\/wp-content\/uploads\/2025\/09\/dragon-logo.jpg\" class=\"attachment-large size-large wp-image-448\" alt=\"\" \/>\t\t\t\t\t\t\t\t\t\t\t\t\t\t\t<\/div>\n\t\t\t\t\t<\/div>\n\t\t<\/div>\n\t\t\t\t\t<\/div>\n\t\t<\/section>\n\t\t\t\t<section class=\"elementor-section elementor-top-section elementor-element elementor-element-bc8d282 elementor-section-boxed elementor-section-height-default elementor-section-height-default\" data-id=\"bc8d282\" data-element_type=\"section\" data-e-type=\"section\">\n\t\t\t\t\t\t<div class=\"elementor-container elementor-column-gap-default\">\n\t\t\t\t\t<div class=\"elementor-column elementor-col-100 elementor-top-column elementor-element elementor-element-be09206\" data-id=\"be09206\" data-element_type=\"column\" data-e-type=\"column\">\n\t\t\t<div class=\"elementor-widget-wrap elementor-element-populated\">\n\t\t\t\t\t\t\t<\/div>\n\t\t<\/div>\n\t\t\t\t\t<\/div>\n\t\t<\/section>\n\t\t\t\t<section class=\"elementor-section elementor-top-section elementor-element elementor-element-b83c78f elementor-section-boxed elementor-section-height-default elementor-section-height-default\" data-id=\"b83c78f\" data-element_type=\"section\" data-e-type=\"section\">\n\t\t\t\t\t\t<div class=\"elementor-container elementor-column-gap-default\">\n\t\t\t\t\t<div class=\"elementor-column elementor-col-100 elementor-top-column elementor-element elementor-element-4eed390\" data-id=\"4eed390\" data-element_type=\"column\" data-e-type=\"column\">\n\t\t\t<div class=\"elementor-widget-wrap elementor-element-populated\">\n\t\t\t\t\t\t<div class=\"elementor-element elementor-element-21450b8 elementor-widget elementor-widget-heading\" data-id=\"21450b8\" data-element_type=\"widget\" data-e-type=\"widget\" data-widget_type=\"heading.default\">\n\t\t\t\t\t<h2 class=\"elementor-heading-title elementor-size-default\">Komfortabel arbeiten mit \u201edns.comfort\u201c<\/h2>\t\t\t\t<\/div>\n\t\t\t\t\t<\/div>\n\t\t<\/div>\n\t\t\t\t\t<\/div>\n\t\t<\/section>\n\t\t\t\t<section class=\"elementor-section elementor-top-section elementor-element elementor-element-ef1f78d elementor-section-boxed elementor-section-height-default elementor-section-height-default\" data-id=\"ef1f78d\" data-element_type=\"section\" data-e-type=\"section\">\n\t\t\t\t\t\t<div class=\"elementor-container elementor-column-gap-default\">\n\t\t\t\t\t<div class=\"elementor-column elementor-col-100 elementor-top-column elementor-element elementor-element-24efe9c\" data-id=\"24efe9c\" data-element_type=\"column\" data-e-type=\"column\">\n\t\t\t<div class=\"elementor-widget-wrap elementor-element-populated\">\n\t\t\t\t\t\t<div class=\"elementor-element elementor-element-c1304d0 elementor-widget elementor-widget-text-editor\" data-id=\"c1304d0\" data-element_type=\"widget\" data-e-type=\"widget\" data-widget_type=\"text-editor.default\">\n\t\t\t\t\t\t\t\t\t<p>\u201edns.comfort\u201c besitzt eine integrierte Diktatverwaltung und harmoniert perfekt mit Dragon und Ihrem Praxisprogramm. Sprechen Sie in Ihr Mikrofon und lassen Sie die Spracherkennung auf die Rechtschreibung und Grammatik achten. Das Verwenden von Fachw\u00f6rtern liegt bei Ihnen an der Tagesordnung. Mit dem Fachvokabular ist die Spracherkennung speziell auf Ihre Fachrichtung zugeschnitten und erkennt die W\u00f6rter, die Sie brauchen. In dem seltenen Fall, dass \u201edns.comfort\u201c Sie doch Mal nicht richtig versteht braucht es nur einen Klick, um dem System ein neues Wort beizubringen. Schreiben Sie direkt in ein Dokument oder in die Karteikarte des Patienten oder erleichtern Sie die Arbeit Ihrer Schreibkr\u00e4fte, sodass diese effizienter arbeiten k\u00f6nnen.<\/p>\t\t\t\t\t\t\t\t<\/div>\n\t\t\t\t\t<\/div>\n\t\t<\/div>\n\t\t\t\t\t<\/div>\n\t\t<\/section>\n\t\t\t\t<section class=\"elementor-section elementor-top-section elementor-element elementor-element-0baec70 elementor-section-boxed elementor-section-height-default elementor-section-height-default\" data-id=\"0baec70\" data-element_type=\"section\" data-e-type=\"section\">\n\t\t\t\t\t\t<div class=\"elementor-container elementor-column-gap-default\">\n\t\t\t\t\t<div class=\"elementor-column elementor-col-100 elementor-top-column elementor-element elementor-element-05b97cf\" data-id=\"05b97cf\" data-element_type=\"column\" data-e-type=\"column\">\n\t\t\t<div class=\"elementor-widget-wrap elementor-element-populated\">\n\t\t\t\t\t\t<div class=\"elementor-element elementor-element-8386947 elementor-widget elementor-widget-image\" data-id=\"8386947\" data-element_type=\"widget\" data-e-type=\"widget\" data-widget_type=\"image.default\">\n\t\t\t\t\t\t\t\t\t\t\t\t\t\t\t<img decoding=\"async\" width=\"300\" height=\"117\" src=\"https:\/\/schulke.de\/cms\/wp-content\/uploads\/2025\/09\/DrachenKreis.png\" class=\"attachment-large size-large wp-image-449\" alt=\"\" \/>\t\t\t\t\t\t\t\t\t\t\t\t\t\t\t<\/div>\n\t\t\t\t\t<\/div>\n\t\t<\/div>\n\t\t\t\t\t<\/div>\n\t\t<\/section>\n\t\t\t\t<section class=\"elementor-section elementor-top-section elementor-element elementor-element-d177829 elementor-section-boxed elementor-section-height-default elementor-section-height-default\" data-id=\"d177829\" data-element_type=\"section\" data-e-type=\"section\">\n\t\t\t\t\t\t<div class=\"elementor-container elementor-column-gap-default\">\n\t\t\t\t\t<div class=\"elementor-column elementor-col-100 elementor-top-column elementor-element elementor-element-418e58c\" data-id=\"418e58c\" data-element_type=\"column\" data-e-type=\"column\">\n\t\t\t<div class=\"elementor-widget-wrap elementor-element-populated\">\n\t\t\t\t\t\t\t<\/div>\n\t\t<\/div>\n\t\t\t\t\t<\/div>\n\t\t<\/section>\n\t\t\t\t<section class=\"elementor-section elementor-top-section elementor-element elementor-element-1026dd0 elementor-section-boxed elementor-section-height-default elementor-section-height-default\" data-id=\"1026dd0\" data-element_type=\"section\" data-e-type=\"section\">\n\t\t\t\t\t\t<div class=\"elementor-container elementor-column-gap-no\">\n\t\t\t\t\t<div class=\"elementor-column elementor-col-100 elementor-top-column elementor-element elementor-element-e208415\" data-id=\"e208415\" data-element_type=\"column\" data-e-type=\"column\">\n\t\t\t<div class=\"elementor-widget-wrap elementor-element-populated\">\n\t\t\t\t\t\t<section class=\"elementor-section elementor-inner-section elementor-element elementor-element-4e87ef9 elementor-section-boxed elementor-section-height-default elementor-section-height-default\" data-id=\"4e87ef9\" data-element_type=\"section\" data-e-type=\"section\">\n\t\t\t\t\t\t<div class=\"elementor-container elementor-column-gap-default\">\n\t\t\t\t\t<div class=\"elementor-column elementor-col-33 elementor-inner-column elementor-element elementor-element-1eb85ba\" data-id=\"1eb85ba\" data-element_type=\"column\" data-e-type=\"column\">\n\t\t\t<div class=\"elementor-widget-wrap elementor-element-populated\">\n\t\t\t\t\t\t<div class=\"elementor-element elementor-element-fda7b3b elementor-widget elementor-widget-image\" data-id=\"fda7b3b\" data-element_type=\"widget\" data-e-type=\"widget\" data-widget_type=\"image.default\">\n\t\t\t\t\t\t\t\t\t\t\t\t\t\t\t<img fetchpriority=\"high\" decoding=\"async\" width=\"300\" height=\"275\" src=\"https:\/\/schulke.de\/cms\/wp-content\/uploads\/2025\/09\/spracherkennung_testen.png\" class=\"attachment-large size-large wp-image-450\" alt=\"\" \/>\t\t\t\t\t\t\t\t\t\t\t\t\t\t\t<\/div>\n\t\t\t\t\t<\/div>\n\t\t<\/div>\n\t\t\t\t<div class=\"elementor-column elementor-col-66 elementor-inner-column elementor-element elementor-element-1492b56\" data-id=\"1492b56\" data-element_type=\"column\" data-e-type=\"column\">\n\t\t\t<div class=\"elementor-widget-wrap elementor-element-populated\">\n\t\t\t\t\t\t<div class=\"elementor-element elementor-element-e590446 elementor-widget elementor-widget-heading\" data-id=\"e590446\" data-element_type=\"widget\" data-e-type=\"widget\" data-widget_type=\"heading.default\">\n\t\t\t\t\t<h2 class=\"elementor-heading-title elementor-size-default\">Kaufen Sie nicht den Drachen im Sack<\/h2>\t\t\t\t<\/div>\n\t\t\t\t<div class=\"elementor-element elementor-element-cb1e3f8 elementor-widget elementor-widget-text-editor\" data-id=\"cb1e3f8\" data-element_type=\"widget\" data-e-type=\"widget\" data-widget_type=\"text-editor.default\">\n\t\t\t\t\t\t\t\t\t<p>Zusammen mit unserem Partner k\u00f6nnen wir Ihnen eine <strong>3-Monatige Demo der Vollversion kostenlos<\/strong> zur Verf\u00fcgung stellen. Testen Sie die Spracherkennung, um aus erster Hand die Erleichterung des Arbeitsalltags zu erleben. Setzten Sie sich gerne telefonisch oder per Kontaktformular mit uns in Verbindung um sich weitere Informationen \u00fcber die Spracherkennung einzuholen.<\/p>\t\t\t\t\t\t\t\t<\/div>\n\t\t\t\t\t<\/div>\n\t\t<\/div>\n\t\t\t\t\t<\/div>\n\t\t<\/section>\n\t\t\t\t\t<\/div>\n\t\t<\/div>\n\t\t\t\t\t<\/div>\n\t\t<\/section>\n\t\t\t\t<section class=\"elementor-section elementor-top-section elementor-element elementor-element-bb41d5c elementor-section-boxed elementor-section-height-default elementor-section-height-default\" data-id=\"bb41d5c\" data-element_type=\"section\" data-e-type=\"section\">\n\t\t\t\t\t\t<div class=\"elementor-container elementor-column-gap-default\">\n\t\t\t\t\t<div class=\"elementor-column elementor-col-100 elementor-top-column elementor-element elementor-element-e05b387\" data-id=\"e05b387\" data-element_type=\"column\" data-e-type=\"column\">\n\t\t\t<div class=\"elementor-widget-wrap elementor-element-populated\">\n\t\t\t\t\t\t\t<\/div>\n\t\t<\/div>\n\t\t\t\t\t<\/div>\n\t\t<\/section>\n\t\t\t\t<section class=\"elementor-section elementor-top-section elementor-element elementor-element-95cfc7a elementor-section-boxed elementor-section-height-default elementor-section-height-default\" data-id=\"95cfc7a\" data-element_type=\"section\" data-e-type=\"section\">\n\t\t\t\t\t\t<div class=\"elementor-container elementor-column-gap-default\">\n\t\t\t\t\t<div class=\"elementor-column elementor-col-100 elementor-top-column elementor-element elementor-element-01083b5\" data-id=\"01083b5\" data-element_type=\"column\" data-e-type=\"column\">\n\t\t\t<div class=\"elementor-widget-wrap elementor-element-populated\">\n\t\t\t\t\t\t<div class=\"elementor-element elementor-element-9791413 elementor-widget elementor-widget-ucaddon_pulsing_icon_button\" data-id=\"9791413\" data-element_type=\"widget\" data-e-type=\"widget\" data-widget_type=\"ucaddon_pulsing_icon_button.default\">\n\t\t\t\t<div class=\"elementor-widget-container\">\n\t\t\t\t\t\n<!-- start Call To Action Button -->\n\t\t<link id='font-awesome-css' href='https:\/\/schulke.de\/cms\/wp-content\/plugins\/unlimited-elements-for-elementor\/assets_libraries\/font-awesome6\/fontawesome-all.min.css' type='text\/css' rel='stylesheet' >\n\t\t<link id='font-awesome-4-shim-css' href='https:\/\/schulke.de\/cms\/wp-content\/plugins\/unlimited-elements-for-elementor\/assets_libraries\/font-awesome6\/fontawesome-v4-shims.min.css' type='text\/css' rel='stylesheet' >\n\n<style>\/* widget: Call To Action Button *\/\n\n#uc_pulsing_icon_button_elementor_9791413\n{\n width:100%;\n}\n\n#uc_pulsing_icon_button_elementor_9791413 .ue-call-to-action-btn\n{\n  display:flex;\n  flex-direction:column;\n}\n\n#uc_pulsing_icon_button_elementor_9791413 .ue-call-to-action-button\n{\n  display:flex;\n  transition:0.5s;\n  text-decoration:none;\n  align-items:center;\n}\n\n\n#uc_pulsing_icon_button_elementor_9791413 a div.pulsing_icon_button\n{\n   align-items: center;\n    justify-content: center;\n    flex-direction: column; \n   display:flex;\n  position:relative;\n  transition:1s;\n\n}\n\n#uc_pulsing_icon_button_elementor_9791413 .pulsing_icon_button i \n{\n\n  vertical-align:middle;\n}\n\n#uc_pulsing_icon_button_elementor_9791413 .ue-btn-icon\n{\n  line-height:1em;\n}\n\n#uc_pulsing_icon_button_elementor_9791413 .ue-btn-icon svg\n{\n  width:1em;\n  height:1em;\n}\n\n\n#uc_pulsing_icon_button_elementor_9791413 .ue-btn-spacing\n{\n  flex-grow:0;\n  flex-shrink:0;\n}\n\n#uc_pulsing_icon_button_elementor_9791413 .ue-pulse-effect\n{\n  position:relative;\n  display:block;\n}\n\n\n#uc_pulsing_icon_button_elementor_9791413 .ue-pulse-effect:before\n{\n  content: '';\n    display: inline-block;\n    position: absolute;\n    top: -2px;\n    left: -2px;\n    bottom: -2px;\n    right: -2px;\n    border-radius: inherit;\n    border-width:1px;\n    border-style:solid;\n    animation: btnIconRipple 1s cubic-bezier(0.23, 1, 0.32, 1) both infinite;\n}\n\n@keyframes btnIconRipple {\n  0% {\n    border-width: 4px;\n            transform: scale(1);\n  }\n  80% {\n    border-width: 1px;\n            transform: scale(1.35);\n  }\n  100% {\n    opacity: 0;\n  }\n}\n\n#uc_pulsing_icon_button_elementor_9791413 .ue-call-to-action-message\n{\n  overflow:hidden;\n}\n\n#uc_pulsing_icon_button_elementor_9791413 .ue-call-to-action-message-title\n{\n  display:flex;\n  align-items:center;\n}\n#uc_pulsing_icon_button_elementor_9791413 .ue-call-to-action-message-title-text\n{\n  flex-grow:1;\n}\n\n#uc_pulsing_icon_button_elementor_9791413 .ue-call-to-action-message-title-icon-spacing\n{\n  width:10px;\n}\n\n#uc_pulsing_icon_button_elementor_9791413 .ue-call-to-action-message-title-close\n{\n  cursor:pointer;\n  line-height:1em;\n}\n\n#uc_pulsing_icon_button_elementor_9791413 .ue-call-to-action-message-title-close svg\n{\n  width:1em;\n  height:1em;\n}\n\n#uc_pulsing_icon_button_elementor_9791413 .ue-call-to-action-message-title-icon\n{\n  line-height:1em;\n}\n\n#uc_pulsing_icon_button_elementor_9791413 .ue-call-to-action-message-title-icon svg\n{\n  width:1em;\n  height:1em;\n}\n\n<\/style>\n\n<div id=\"uc_pulsing_icon_button_elementor_9791413\" >\n<div class=\"ue-call-to-action-btn\">\n  \n     \n<div>    \n<a class=\"ue-pulse-effect\" href=\"https:\/\/schulke.de\/cms\/kontakt\/\" >\n  <div class=\"ue-call-to-action-button\">\n    <div class=\"pulsing_icon_button\"><div class=\"ue-btn-icon\"><i class='far fa-paper-plane'><\/i><\/div><\/div>\n        <div class=\"ue-btn-spacing\"><\/div>\n    <div class=\"ue-btn-label\">Interesse geweckt? Melden Sie sich bei uns!<\/div>\n    <div class=\"ue-btn-spacing\"><\/div>\n      <\/div>\n<\/a>\n<\/div>\n  \n  \n<\/div>\n<\/div>\n<!-- end Call To Action Button -->\t\t\t\t<\/div>\n\t\t\t\t<\/div>\n\t\t\t\t\t<\/div>\n\t\t<\/div>\n\t\t\t\t\t<\/div>\n\t\t<\/section>\n\t\t\t\t<section class=\"elementor-section elementor-top-section elementor-element elementor-element-0c0ad40 elementor-section-boxed elementor-section-height-default elementor-section-height-default\" data-id=\"0c0ad40\" data-element_type=\"section\" data-e-type=\"section\">\n\t\t\t\t\t\t<div class=\"elementor-container elementor-column-gap-default\">\n\t\t\t\t\t<div class=\"elementor-column elementor-col-100 elementor-top-column elementor-element elementor-element-9926427\" data-id=\"9926427\" data-element_type=\"column\" data-e-type=\"column\">\n\t\t\t<div class=\"elementor-widget-wrap elementor-element-populated\">\n\t\t\t\t\t\t\t<\/div>\n\t\t<\/div>\n\t\t\t\t\t<\/div>\n\t\t<\/section>\n\t\t\t\t<\/div>\n\t\t","protected":false},"excerpt":{"rendered":"<p>Spracherkennung Lassen Sie f\u00fcr sich schreiben Unser Partner bietet Diktiersoftware f\u00fcr jede Anwendung. Basis f\u00fcr die Produkte mit Spracherkennung sind das bew\u00e4hrte Dragon\u00a0NaturallySpeaking Medical. Jedes der Produkte ist sein eigener kleiner Drache. Ob f\u00fcr einen Einzelplatz oder ein ganzes Netzwerk, mit Spracherkennung oder als rein digitales Diktat \u2013 zusammen mit uns finden Sie schnell das&hellip;<\/p>\n","protected":false},"author":1,"featured_media":0,"parent":128,"menu_order":0,"comment_status":"closed","ping_status":"closed","template":"","meta":{"footnotes":""},"class_list":["post-209","page","type-page","status-publish","hentry"],"_links":{"self":[{"href":"https:\/\/schulke.de\/cms\/wp-json\/wp\/v2\/pages\/209","targetHints":{"allow":["GET"]}}],"collection":[{"href":"https:\/\/schulke.de\/cms\/wp-json\/wp\/v2\/pages"}],"about":[{"href":"https:\/\/schulke.de\/cms\/wp-json\/wp\/v2\/types\/page"}],"author":[{"embeddable":true,"href":"https:\/\/schulke.de\/cms\/wp-json\/wp\/v2\/users\/1"}],"replies":[{"embeddable":true,"href":"https:\/\/schulke.de\/cms\/wp-json\/wp\/v2\/comments?post=209"}],"version-history":[{"count":4,"href":"https:\/\/schulke.de\/cms\/wp-json\/wp\/v2\/pages\/209\/revisions"}],"predecessor-version":[{"id":453,"href":"https:\/\/schulke.de\/cms\/wp-json\/wp\/v2\/pages\/209\/revisions\/453"}],"up":[{"embeddable":true,"href":"https:\/\/schulke.de\/cms\/wp-json\/wp\/v2\/pages\/128"}],"wp:attachment":[{"href":"https:\/\/schulke.de\/cms\/wp-json\/wp\/v2\/media?parent=209"}],"curies":[{"name":"wp","href":"https:\/\/api.w.org\/{rel}","templated":true}]}}