{"id":219,"date":"2025-09-23T10:23:13","date_gmt":"2025-09-23T08:23:13","guid":{"rendered":"https:\/\/schulke.de\/cms\/?page_id=219"},"modified":"2025-09-23T16:40:38","modified_gmt":"2025-09-23T14:40:38","slug":"webhosting","status":"publish","type":"page","link":"https:\/\/schulke.de\/cms\/produkte\/webhosting\/","title":{"rendered":"Webhosting"},"content":{"rendered":"\t\t<div data-elementor-type=\"wp-page\" data-elementor-id=\"219\" class=\"elementor elementor-219\">\n\t\t\t\t\t\t<section class=\"elementor-section elementor-top-section elementor-element elementor-element-ddfdc33 elementor-section-height-min-height elementor-section-boxed elementor-section-height-default elementor-section-items-middle\" data-id=\"ddfdc33\" data-element_type=\"section\" data-e-type=\"section\" data-settings=\"{&quot;background_background&quot;:&quot;classic&quot;}\">\n\t\t\t\t\t\t<div class=\"elementor-container elementor-column-gap-default\">\n\t\t\t\t\t<div class=\"elementor-column elementor-col-100 elementor-top-column elementor-element elementor-element-9541527\" data-id=\"9541527\" data-element_type=\"column\" data-e-type=\"column\">\n\t\t\t<div class=\"elementor-widget-wrap\">\n\t\t\t\t\t\t\t<\/div>\n\t\t<\/div>\n\t\t\t\t\t<\/div>\n\t\t<\/section>\n\t\t\t\t<section class=\"elementor-section elementor-top-section elementor-element elementor-element-3c557ba elementor-section-boxed elementor-section-height-default elementor-section-height-default\" data-id=\"3c557ba\" data-element_type=\"section\" data-e-type=\"section\">\n\t\t\t\t\t\t<div class=\"elementor-container elementor-column-gap-default\">\n\t\t\t\t\t<div class=\"elementor-column elementor-col-100 elementor-top-column elementor-element elementor-element-b9f78f4\" data-id=\"b9f78f4\" data-element_type=\"column\" data-e-type=\"column\">\n\t\t\t<div class=\"elementor-widget-wrap elementor-element-populated\">\n\t\t\t\t\t\t\t<\/div>\n\t\t<\/div>\n\t\t\t\t\t<\/div>\n\t\t<\/section>\n\t\t\t\t<section class=\"elementor-section elementor-top-section elementor-element elementor-element-d55644f elementor-section-boxed elementor-section-height-default elementor-section-height-default\" data-id=\"d55644f\" data-element_type=\"section\" data-e-type=\"section\">\n\t\t\t\t\t\t<div class=\"elementor-container elementor-column-gap-default\">\n\t\t\t\t\t<div class=\"elementor-column elementor-col-100 elementor-top-column elementor-element elementor-element-6c2c085\" data-id=\"6c2c085\" data-element_type=\"column\" data-e-type=\"column\">\n\t\t\t<div class=\"elementor-widget-wrap elementor-element-populated\">\n\t\t\t\t\t\t<div class=\"elementor-element elementor-element-0f1f399 elementor-widget elementor-widget-heading\" data-id=\"0f1f399\" data-element_type=\"widget\" data-e-type=\"widget\" data-widget_type=\"heading.default\">\n\t\t\t\t\t<h1 class=\"elementor-heading-title elementor-size-xl\">Webhosting<\/h1>\t\t\t\t<\/div>\n\t\t\t\t\t<\/div>\n\t\t<\/div>\n\t\t\t\t\t<\/div>\n\t\t<\/section>\n\t\t\t\t<section class=\"elementor-section elementor-top-section elementor-element elementor-element-12503a3 elementor-section-boxed elementor-section-height-default elementor-section-height-default\" data-id=\"12503a3\" data-element_type=\"section\" data-e-type=\"section\">\n\t\t\t\t\t\t<div class=\"elementor-container elementor-column-gap-default\">\n\t\t\t\t\t<div class=\"elementor-column elementor-col-100 elementor-top-column elementor-element elementor-element-8bf442c\" data-id=\"8bf442c\" data-element_type=\"column\" data-e-type=\"column\">\n\t\t\t<div class=\"elementor-widget-wrap elementor-element-populated\">\n\t\t\t\t\t\t\t<\/div>\n\t\t<\/div>\n\t\t\t\t\t<\/div>\n\t\t<\/section>\n\t\t\t\t<section class=\"elementor-section elementor-top-section elementor-element elementor-element-8448006 elementor-section-boxed elementor-section-height-default elementor-section-height-default\" data-id=\"8448006\" data-element_type=\"section\" data-e-type=\"section\">\n\t\t\t\t\t\t<div class=\"elementor-container elementor-column-gap-default\">\n\t\t\t\t\t<div class=\"elementor-column elementor-col-100 elementor-top-column elementor-element elementor-element-92aa96e\" data-id=\"92aa96e\" data-element_type=\"column\" data-e-type=\"column\">\n\t\t\t<div class=\"elementor-widget-wrap elementor-element-populated\">\n\t\t\t\t\t\t<div class=\"elementor-element elementor-element-c3582c1 elementor-widget elementor-widget-heading\" data-id=\"c3582c1\" data-element_type=\"widget\" data-e-type=\"widget\" data-widget_type=\"heading.default\">\n\t\t\t\t\t<h2 class=\"elementor-heading-title elementor-size-large\">Die Grundlage Ihrer Internetseite<\/h2>\t\t\t\t<\/div>\n\t\t\t\t\t<\/div>\n\t\t<\/div>\n\t\t\t\t\t<\/div>\n\t\t<\/section>\n\t\t\t\t<section class=\"elementor-section elementor-top-section elementor-element elementor-element-6a261fe elementor-section-boxed elementor-section-height-default elementor-section-height-default\" data-id=\"6a261fe\" data-element_type=\"section\" data-e-type=\"section\">\n\t\t\t\t\t\t<div class=\"elementor-container elementor-column-gap-default\">\n\t\t\t\t\t<div class=\"elementor-column elementor-col-100 elementor-top-column elementor-element elementor-element-3b79ad9\" data-id=\"3b79ad9\" data-element_type=\"column\" data-e-type=\"column\">\n\t\t\t<div class=\"elementor-widget-wrap elementor-element-populated\">\n\t\t\t\t\t\t<div class=\"elementor-element elementor-element-d42c4e3 elementor-widget elementor-widget-text-editor\" data-id=\"d42c4e3\" data-element_type=\"widget\" data-e-type=\"widget\" data-widget_type=\"text-editor.default\">\n\t\t\t\t\t\t\t\t\t<p>Wir sorgen f\u00fcr das Fundament Ihrer Internetseite. Um eine Internetseite realisieren zu k\u00f6nnen, brauchen sie ein digitales \u201eGrundst\u00fcck\u201c im Internet (den s.g. Webspace). Hier lagern alle f\u00fcr Ihre Website ben\u00f6tigten Bilder, Texte, Dateien usw. Wir bereiten alles vor, sodass Ihr Webdesigner sich voll und ganz auf das Aussehen und die Funktionen Ihrer Internetseite konzentrieren kann.<\/p>\t\t\t\t\t\t\t\t<\/div>\n\t\t\t\t\t<\/div>\n\t\t<\/div>\n\t\t\t\t\t<\/div>\n\t\t<\/section>\n\t\t\t\t<section class=\"elementor-section elementor-top-section elementor-element elementor-element-af29482 elementor-section-boxed elementor-section-height-default elementor-section-height-default\" data-id=\"af29482\" data-element_type=\"section\" data-e-type=\"section\">\n\t\t\t\t\t\t<div class=\"elementor-container elementor-column-gap-default\">\n\t\t\t\t\t<div class=\"elementor-column elementor-col-100 elementor-top-column elementor-element elementor-element-304d653\" data-id=\"304d653\" data-element_type=\"column\" data-e-type=\"column\">\n\t\t\t<div class=\"elementor-widget-wrap elementor-element-populated\">\n\t\t\t\t\t\t\t<\/div>\n\t\t<\/div>\n\t\t\t\t\t<\/div>\n\t\t<\/section>\n\t\t\t\t<section class=\"elementor-section elementor-top-section elementor-element elementor-element-c956fed elementor-section-boxed elementor-section-height-default elementor-section-height-default\" data-id=\"c956fed\" data-element_type=\"section\" data-e-type=\"section\">\n\t\t\t\t\t\t<div class=\"elementor-container elementor-column-gap-default\">\n\t\t\t\t\t<div class=\"elementor-column elementor-col-100 elementor-top-column elementor-element elementor-element-c6f7cd2\" data-id=\"c6f7cd2\" data-element_type=\"column\" data-e-type=\"column\">\n\t\t\t<div class=\"elementor-widget-wrap elementor-element-populated\">\n\t\t\t\t\t\t<div class=\"elementor-element elementor-element-6390368 elementor-widget elementor-widget-heading\" data-id=\"6390368\" data-element_type=\"widget\" data-e-type=\"widget\" data-widget_type=\"heading.default\">\n\t\t\t\t\t<h2 class=\"elementor-heading-title elementor-size-large\">Ihr virtueller Briefkasten<\/h2>\t\t\t\t<\/div>\n\t\t\t\t\t<\/div>\n\t\t<\/div>\n\t\t\t\t\t<\/div>\n\t\t<\/section>\n\t\t\t\t<section class=\"elementor-section elementor-top-section elementor-element elementor-element-493d64f elementor-section-boxed elementor-section-height-default elementor-section-height-default\" data-id=\"493d64f\" data-element_type=\"section\" data-e-type=\"section\">\n\t\t\t\t\t\t<div class=\"elementor-container elementor-column-gap-default\">\n\t\t\t\t\t<div class=\"elementor-column elementor-col-100 elementor-top-column elementor-element elementor-element-cdf6786\" data-id=\"cdf6786\" data-element_type=\"column\" data-e-type=\"column\">\n\t\t\t<div class=\"elementor-widget-wrap elementor-element-populated\">\n\t\t\t\t\t\t<div class=\"elementor-element elementor-element-0219186 elementor-widget elementor-widget-text-editor\" data-id=\"0219186\" data-element_type=\"widget\" data-e-type=\"widget\" data-widget_type=\"text-editor.default\">\n\t\t\t\t\t\t\t\t\t<p>Auf Ihrem virtuellen \u201eGrundst\u00fcck\u201c ist nat\u00fcrlich auch Platz f\u00fcr ein Briefkasten. Hier ist genug Platz um Mails an Ihre auf die Praxis zugeschnittenen E-Mail-Adressen zu empfangen. Sprechen Sie uns an, wenn Ihre aktuelle Postfachgr\u00f6\u00dfe nicht mehr reicht oder Sie ein Postfach einrichten m\u00f6chten.<\/p>\t\t\t\t\t\t\t\t<\/div>\n\t\t\t\t\t<\/div>\n\t\t<\/div>\n\t\t\t\t\t<\/div>\n\t\t<\/section>\n\t\t\t\t<\/div>\n\t\t","protected":false},"excerpt":{"rendered":"<p>Webhosting Die Grundlage Ihrer Internetseite Wir sorgen f\u00fcr das Fundament Ihrer Internetseite. Um eine Internetseite realisieren zu k\u00f6nnen, brauchen sie ein digitales \u201eGrundst\u00fcck\u201c im Internet (den s.g. Webspace). Hier lagern alle f\u00fcr Ihre Website ben\u00f6tigten Bilder, Texte, Dateien usw. Wir bereiten alles vor, sodass Ihr Webdesigner sich voll und ganz auf das Aussehen und die&hellip;<\/p>\n","protected":false},"author":1,"featured_media":0,"parent":128,"menu_order":0,"comment_status":"closed","ping_status":"closed","template":"","meta":{"footnotes":""},"class_list":["post-219","page","type-page","status-publish","hentry"],"_links":{"self":[{"href":"https:\/\/schulke.de\/cms\/wp-json\/wp\/v2\/pages\/219","targetHints":{"allow":["GET"]}}],"collection":[{"href":"https:\/\/schulke.de\/cms\/wp-json\/wp\/v2\/pages"}],"about":[{"href":"https:\/\/schulke.de\/cms\/wp-json\/wp\/v2\/types\/page"}],"author":[{"embeddable":true,"href":"https:\/\/schulke.de\/cms\/wp-json\/wp\/v2\/users\/1"}],"replies":[{"embeddable":true,"href":"https:\/\/schulke.de\/cms\/wp-json\/wp\/v2\/comments?post=219"}],"version-history":[{"count":4,"href":"https:\/\/schulke.de\/cms\/wp-json\/wp\/v2\/pages\/219\/revisions"}],"predecessor-version":[{"id":507,"href":"https:\/\/schulke.de\/cms\/wp-json\/wp\/v2\/pages\/219\/revisions\/507"}],"up":[{"embeddable":true,"href":"https:\/\/schulke.de\/cms\/wp-json\/wp\/v2\/pages\/128"}],"wp:attachment":[{"href":"https:\/\/schulke.de\/cms\/wp-json\/wp\/v2\/media?parent=219"}],"curies":[{"name":"wp","href":"https:\/\/api.w.org\/{rel}","templated":true}]}}