{"id":221,"date":"2025-09-23T10:23:40","date_gmt":"2025-09-23T08:23:40","guid":{"rendered":"https:\/\/schulke.de\/cms\/?page_id=221"},"modified":"2025-09-23T16:41:40","modified_gmt":"2025-09-23T14:41:40","slug":"zeiterfassung","status":"publish","type":"page","link":"https:\/\/schulke.de\/cms\/produkte\/zeiterfassung\/","title":{"rendered":"Zeiterfassung"},"content":{"rendered":"\t\t<div data-elementor-type=\"wp-page\" data-elementor-id=\"221\" class=\"elementor elementor-221\">\n\t\t\t\t\t\t<section class=\"elementor-section elementor-top-section elementor-element elementor-element-9ecd78a elementor-section-height-min-height elementor-section-boxed elementor-section-height-default elementor-section-items-middle\" data-id=\"9ecd78a\" data-element_type=\"section\" data-e-type=\"section\" data-settings=\"{&quot;background_background&quot;:&quot;classic&quot;}\">\n\t\t\t\t\t\t<div class=\"elementor-container elementor-column-gap-default\">\n\t\t\t\t\t<div class=\"elementor-column elementor-col-100 elementor-top-column elementor-element elementor-element-2a9973c\" data-id=\"2a9973c\" data-element_type=\"column\" data-e-type=\"column\">\n\t\t\t<div class=\"elementor-widget-wrap\">\n\t\t\t\t\t\t\t<\/div>\n\t\t<\/div>\n\t\t\t\t\t<\/div>\n\t\t<\/section>\n\t\t\t\t<section class=\"elementor-section elementor-top-section elementor-element elementor-element-2acb944 elementor-section-boxed elementor-section-height-default elementor-section-height-default\" data-id=\"2acb944\" data-element_type=\"section\" data-e-type=\"section\">\n\t\t\t\t\t\t<div class=\"elementor-container elementor-column-gap-default\">\n\t\t\t\t\t<div class=\"elementor-column elementor-col-100 elementor-top-column elementor-element elementor-element-dd9d6a0\" data-id=\"dd9d6a0\" data-element_type=\"column\" data-e-type=\"column\">\n\t\t\t<div class=\"elementor-widget-wrap elementor-element-populated\">\n\t\t\t\t\t\t\t<\/div>\n\t\t<\/div>\n\t\t\t\t\t<\/div>\n\t\t<\/section>\n\t\t\t\t<section class=\"elementor-section elementor-top-section elementor-element elementor-element-b09c7c5 elementor-section-boxed elementor-section-height-default elementor-section-height-default\" data-id=\"b09c7c5\" data-element_type=\"section\" data-e-type=\"section\">\n\t\t\t\t\t\t<div class=\"elementor-container elementor-column-gap-default\">\n\t\t\t\t\t<div class=\"elementor-column elementor-col-100 elementor-top-column elementor-element elementor-element-f03d81b\" data-id=\"f03d81b\" data-element_type=\"column\" data-e-type=\"column\">\n\t\t\t<div class=\"elementor-widget-wrap elementor-element-populated\">\n\t\t\t\t\t\t<div class=\"elementor-element elementor-element-f12bcb3 elementor-widget elementor-widget-heading\" data-id=\"f12bcb3\" data-element_type=\"widget\" data-e-type=\"widget\" data-widget_type=\"heading.default\">\n\t\t\t\t\t<h1 class=\"elementor-heading-title elementor-size-xl\">Zeiterfassung<\/h1>\t\t\t\t<\/div>\n\t\t\t\t\t<\/div>\n\t\t<\/div>\n\t\t\t\t\t<\/div>\n\t\t<\/section>\n\t\t\t\t<section class=\"elementor-section elementor-top-section elementor-element elementor-element-ef72dcf elementor-section-boxed elementor-section-height-default elementor-section-height-default\" data-id=\"ef72dcf\" data-element_type=\"section\" data-e-type=\"section\">\n\t\t\t\t\t\t<div class=\"elementor-container elementor-column-gap-default\">\n\t\t\t\t\t<div class=\"elementor-column elementor-col-100 elementor-top-column elementor-element elementor-element-b271adf\" data-id=\"b271adf\" data-element_type=\"column\" data-e-type=\"column\">\n\t\t\t<div class=\"elementor-widget-wrap elementor-element-populated\">\n\t\t\t\t\t\t\t<\/div>\n\t\t<\/div>\n\t\t\t\t\t<\/div>\n\t\t<\/section>\n\t\t\t\t<section class=\"elementor-section elementor-top-section elementor-element elementor-element-00dc5a1 elementor-section-boxed elementor-section-height-default elementor-section-height-default\" data-id=\"00dc5a1\" data-element_type=\"section\" data-e-type=\"section\">\n\t\t\t\t\t\t<div class=\"elementor-container elementor-column-gap-default\">\n\t\t\t\t\t<div class=\"elementor-column elementor-col-100 elementor-top-column elementor-element elementor-element-6925a2d\" data-id=\"6925a2d\" data-element_type=\"column\" data-e-type=\"column\">\n\t\t\t<div class=\"elementor-widget-wrap elementor-element-populated\">\n\t\t\t\t\t\t<div class=\"elementor-element elementor-element-7972e8a elementor-widget elementor-widget-heading\" data-id=\"7972e8a\" data-element_type=\"widget\" data-e-type=\"widget\" data-widget_type=\"heading.default\">\n\t\t\t\t\t<h2 class=\"elementor-heading-title elementor-size-default\">Die digitale Stechuhr<\/h2>\t\t\t\t<\/div>\n\t\t\t\t\t<\/div>\n\t\t<\/div>\n\t\t\t\t\t<\/div>\n\t\t<\/section>\n\t\t\t\t<section class=\"elementor-section elementor-top-section elementor-element elementor-element-878f5e6 elementor-section-boxed elementor-section-height-default elementor-section-height-default\" data-id=\"878f5e6\" data-element_type=\"section\" data-e-type=\"section\">\n\t\t\t\t\t\t<div class=\"elementor-container elementor-column-gap-default\">\n\t\t\t\t\t<div class=\"elementor-column elementor-col-100 elementor-top-column elementor-element elementor-element-f6dda97\" data-id=\"f6dda97\" data-element_type=\"column\" data-e-type=\"column\">\n\t\t\t<div class=\"elementor-widget-wrap elementor-element-populated\">\n\t\t\t\t\t\t<div class=\"elementor-element elementor-element-28d269e elementor-widget elementor-widget-text-editor\" data-id=\"28d269e\" data-element_type=\"widget\" data-e-type=\"widget\" data-widget_type=\"text-editor.default\">\n\t\t\t\t\t\t\t\t\t<p>Die t\u00e4gliche Protokollierung der eigenen Arbeitszeit ist generell in Unternehmen nicht mehr wegzudenken. Was damals mit der klassischen Stechuhr gemacht wurde, wird heute elektronisch\u00a0erfasst. Dieses macht es einfach beispielsweise \u00dcberstunden und Urlaubstage zu verwalten. Zusammen mit unserem Partner bieten wir professionelle, aber dennoch simple und kosteng\u00fcnstige, Arbeitszeiterfassung, Projektverwaltung &amp; Dienstplanung f\u00fcr Ihre Arztpraxis. Au\u00dferdem ist es uns m\u00f6glich, die \u00fcblichen Zeitmodelle wie Gleitzeit und Schichtarbeit zu realisieren. Die An- und Abmeldung kann aktiv per Mausklick im Programm, aber auch per Kartenleser oder RFID-Terminals, erfolgen, welches die Handhabung noch einfacher macht, als sie sowieso schon ist.<\/p>\t\t\t\t\t\t\t\t<\/div>\n\t\t\t\t\t<\/div>\n\t\t<\/div>\n\t\t\t\t\t<\/div>\n\t\t<\/section>\n\t\t\t\t<section class=\"elementor-section elementor-top-section elementor-element elementor-element-b7f303d elementor-section-boxed elementor-section-height-default elementor-section-height-default\" data-id=\"b7f303d\" data-element_type=\"section\" data-e-type=\"section\">\n\t\t\t\t\t\t<div class=\"elementor-container elementor-column-gap-default\">\n\t\t\t\t\t<div class=\"elementor-column elementor-col-100 elementor-top-column elementor-element elementor-element-de7ed2c\" data-id=\"de7ed2c\" data-element_type=\"column\" data-e-type=\"column\">\n\t\t\t<div class=\"elementor-widget-wrap elementor-element-populated\">\n\t\t\t\t\t\t<div class=\"elementor-element elementor-element-01186dd elementor-widget elementor-widget-image\" data-id=\"01186dd\" data-element_type=\"widget\" data-e-type=\"widget\" data-widget_type=\"image.default\">\n\t\t\t\t\t\t\t\t\t\t\t\t\t\t\t<img fetchpriority=\"high\" decoding=\"async\" width=\"850\" height=\"579\" src=\"https:\/\/schulke.de\/cms\/wp-content\/uploads\/2025\/09\/CHRONEX.png\" class=\"attachment-large size-large wp-image-509\" alt=\"\" srcset=\"https:\/\/schulke.de\/cms\/wp-content\/uploads\/2025\/09\/CHRONEX.png 850w, https:\/\/schulke.de\/cms\/wp-content\/uploads\/2025\/09\/CHRONEX-300x204.png 300w, https:\/\/schulke.de\/cms\/wp-content\/uploads\/2025\/09\/CHRONEX-768x523.png 768w\" sizes=\"(max-width: 850px) 100vw, 850px\" \/>\t\t\t\t\t\t\t\t\t\t\t\t\t\t\t<\/div>\n\t\t\t\t\t<\/div>\n\t\t<\/div>\n\t\t\t\t\t<\/div>\n\t\t<\/section>\n\t\t\t\t<section class=\"elementor-section elementor-top-section elementor-element elementor-element-cf594ab elementor-section-boxed elementor-section-height-default elementor-section-height-default\" data-id=\"cf594ab\" data-element_type=\"section\" data-e-type=\"section\">\n\t\t\t\t\t\t<div class=\"elementor-container elementor-column-gap-default\">\n\t\t\t\t\t<div class=\"elementor-column elementor-col-100 elementor-top-column elementor-element elementor-element-82aa156\" data-id=\"82aa156\" data-element_type=\"column\" data-e-type=\"column\">\n\t\t\t<div class=\"elementor-widget-wrap elementor-element-populated\">\n\t\t\t\t\t\t\t<\/div>\n\t\t<\/div>\n\t\t\t\t\t<\/div>\n\t\t<\/section>\n\t\t\t\t<section class=\"elementor-section elementor-top-section elementor-element elementor-element-15ebc48 elementor-section-boxed elementor-section-height-default elementor-section-height-default\" data-id=\"15ebc48\" data-element_type=\"section\" data-e-type=\"section\">\n\t\t\t\t\t\t<div class=\"elementor-container elementor-column-gap-default\">\n\t\t\t\t\t<div class=\"elementor-column elementor-col-100 elementor-top-column elementor-element elementor-element-bd06b9f\" data-id=\"bd06b9f\" data-element_type=\"column\" data-e-type=\"column\">\n\t\t\t<div class=\"elementor-widget-wrap elementor-element-populated\">\n\t\t\t\t\t\t<div class=\"elementor-element elementor-element-e82160b elementor-widget elementor-widget-heading\" data-id=\"e82160b\" data-element_type=\"widget\" data-e-type=\"widget\" data-widget_type=\"heading.default\">\n\t\t\t\t\t<h2 class=\"elementor-heading-title elementor-size-default\">Ein hohes Ma\u00df an Datenschutz &amp; Sicherheit<\/h2>\t\t\t\t<\/div>\n\t\t\t\t\t<\/div>\n\t\t<\/div>\n\t\t\t\t\t<\/div>\n\t\t<\/section>\n\t\t\t\t<section class=\"elementor-section elementor-top-section elementor-element elementor-element-31c6675 elementor-section-boxed elementor-section-height-default elementor-section-height-default\" data-id=\"31c6675\" data-element_type=\"section\" data-e-type=\"section\">\n\t\t\t\t\t\t<div class=\"elementor-container elementor-column-gap-default\">\n\t\t\t\t\t<div class=\"elementor-column elementor-col-100 elementor-top-column elementor-element elementor-element-bf18d06\" data-id=\"bf18d06\" data-element_type=\"column\" data-e-type=\"column\">\n\t\t\t<div class=\"elementor-widget-wrap elementor-element-populated\">\n\t\t\t\t\t\t<div class=\"elementor-element elementor-element-6763419 elementor-widget elementor-widget-text-editor\" data-id=\"6763419\" data-element_type=\"widget\" data-e-type=\"widget\" data-widget_type=\"text-editor.default\">\n\t\t\t\t\t\t\t\t\t<p>Aufgrund der hohen Verschl\u00fcsselung der Daten, den verschieden angepassten Zugriffsrechten, ausf\u00fchrlicher Protokollierung\u00a0und\u00a0Zeitsynchronisation\u00a0l\u00e4sst sich ein Missbrauch durch Unbefugte nahezu ausschlie\u00dfen<\/p>\t\t\t\t\t\t\t\t<\/div>\n\t\t\t\t\t<\/div>\n\t\t<\/div>\n\t\t\t\t\t<\/div>\n\t\t<\/section>\n\t\t\t\t<section class=\"elementor-section elementor-top-section elementor-element elementor-element-5a208d4 elementor-section-boxed elementor-section-height-default elementor-section-height-default\" data-id=\"5a208d4\" data-element_type=\"section\" data-e-type=\"section\">\n\t\t\t\t\t\t<div class=\"elementor-container elementor-column-gap-default\">\n\t\t\t\t\t<div class=\"elementor-column elementor-col-100 elementor-top-column elementor-element elementor-element-fefcc44\" data-id=\"fefcc44\" data-element_type=\"column\" data-e-type=\"column\">\n\t\t\t<div class=\"elementor-widget-wrap elementor-element-populated\">\n\t\t\t\t\t\t\t<\/div>\n\t\t<\/div>\n\t\t\t\t\t<\/div>\n\t\t<\/section>\n\t\t\t\t<\/div>\n\t\t","protected":false},"excerpt":{"rendered":"<p>Zeiterfassung Die digitale Stechuhr Die t\u00e4gliche Protokollierung der eigenen Arbeitszeit ist generell in Unternehmen nicht mehr wegzudenken. Was damals mit der klassischen Stechuhr gemacht wurde, wird heute elektronisch\u00a0erfasst. Dieses macht es einfach beispielsweise \u00dcberstunden und Urlaubstage zu verwalten. Zusammen mit unserem Partner bieten wir professionelle, aber dennoch simple und kosteng\u00fcnstige, Arbeitszeiterfassung, Projektverwaltung &amp; Dienstplanung f\u00fcr&hellip;<\/p>\n","protected":false},"author":1,"featured_media":0,"parent":128,"menu_order":0,"comment_status":"closed","ping_status":"closed","template":"","meta":{"footnotes":""},"class_list":["post-221","page","type-page","status-publish","hentry"],"_links":{"self":[{"href":"https:\/\/schulke.de\/cms\/wp-json\/wp\/v2\/pages\/221","targetHints":{"allow":["GET"]}}],"collection":[{"href":"https:\/\/schulke.de\/cms\/wp-json\/wp\/v2\/pages"}],"about":[{"href":"https:\/\/schulke.de\/cms\/wp-json\/wp\/v2\/types\/page"}],"author":[{"embeddable":true,"href":"https:\/\/schulke.de\/cms\/wp-json\/wp\/v2\/users\/1"}],"replies":[{"embeddable":true,"href":"https:\/\/schulke.de\/cms\/wp-json\/wp\/v2\/comments?post=221"}],"version-history":[{"count":4,"href":"https:\/\/schulke.de\/cms\/wp-json\/wp\/v2\/pages\/221\/revisions"}],"predecessor-version":[{"id":512,"href":"https:\/\/schulke.de\/cms\/wp-json\/wp\/v2\/pages\/221\/revisions\/512"}],"up":[{"embeddable":true,"href":"https:\/\/schulke.de\/cms\/wp-json\/wp\/v2\/pages\/128"}],"wp:attachment":[{"href":"https:\/\/schulke.de\/cms\/wp-json\/wp\/v2\/media?parent=221"}],"curies":[{"name":"wp","href":"https:\/\/api.w.org\/{rel}","templated":true}]}}