{"id":225,"date":"2025-09-23T10:24:31","date_gmt":"2025-09-23T08:24:31","guid":{"rendered":"https:\/\/schulke.de\/cms\/?page_id=225"},"modified":"2025-09-23T16:44:15","modified_gmt":"2025-09-23T14:44:15","slug":"medorganizer","status":"publish","type":"page","link":"https:\/\/schulke.de\/cms\/produkte\/medorganizer\/","title":{"rendered":"MEDorganizer"},"content":{"rendered":"\t\t<div data-elementor-type=\"wp-page\" data-elementor-id=\"225\" class=\"elementor elementor-225\">\n\t\t\t\t\t\t<section class=\"elementor-section elementor-top-section elementor-element elementor-element-5eeab0e elementor-section-height-min-height elementor-section-boxed elementor-section-height-default elementor-section-items-middle\" data-id=\"5eeab0e\" data-element_type=\"section\" data-e-type=\"section\" data-settings=\"{&quot;background_background&quot;:&quot;classic&quot;}\">\n\t\t\t\t\t\t<div class=\"elementor-container elementor-column-gap-default\">\n\t\t\t\t\t<div class=\"elementor-column elementor-col-100 elementor-top-column elementor-element elementor-element-7ebd848\" data-id=\"7ebd848\" data-element_type=\"column\" data-e-type=\"column\">\n\t\t\t<div class=\"elementor-widget-wrap\">\n\t\t\t\t\t\t\t<\/div>\n\t\t<\/div>\n\t\t\t\t\t<\/div>\n\t\t<\/section>\n\t\t\t\t<section class=\"elementor-section elementor-top-section elementor-element elementor-element-f2ef1ed elementor-section-boxed elementor-section-height-default elementor-section-height-default\" data-id=\"f2ef1ed\" data-element_type=\"section\" data-e-type=\"section\">\n\t\t\t\t\t\t<div class=\"elementor-container elementor-column-gap-default\">\n\t\t\t\t\t<div class=\"elementor-column elementor-col-100 elementor-top-column elementor-element elementor-element-af4955d\" data-id=\"af4955d\" data-element_type=\"column\" data-e-type=\"column\">\n\t\t\t<div class=\"elementor-widget-wrap elementor-element-populated\">\n\t\t\t\t\t\t\t<\/div>\n\t\t<\/div>\n\t\t\t\t\t<\/div>\n\t\t<\/section>\n\t\t\t\t<section class=\"elementor-section elementor-top-section elementor-element elementor-element-c6b43db elementor-section-boxed elementor-section-height-default elementor-section-height-default\" data-id=\"c6b43db\" data-element_type=\"section\" data-e-type=\"section\">\n\t\t\t\t\t\t<div class=\"elementor-container elementor-column-gap-default\">\n\t\t\t\t\t<div class=\"elementor-column elementor-col-100 elementor-top-column elementor-element elementor-element-717ee08\" data-id=\"717ee08\" data-element_type=\"column\" data-e-type=\"column\">\n\t\t\t<div class=\"elementor-widget-wrap elementor-element-populated\">\n\t\t\t\t\t\t<div class=\"elementor-element elementor-element-b1411e3 elementor-widget elementor-widget-heading\" data-id=\"b1411e3\" data-element_type=\"widget\" data-e-type=\"widget\" data-widget_type=\"heading.default\">\n\t\t\t\t\t<h1 class=\"elementor-heading-title elementor-size-xl\">MEDorganizer<\/h1>\t\t\t\t<\/div>\n\t\t\t\t\t<\/div>\n\t\t<\/div>\n\t\t\t\t\t<\/div>\n\t\t<\/section>\n\t\t\t\t<section class=\"elementor-section elementor-top-section elementor-element elementor-element-acb90a6 elementor-section-boxed elementor-section-height-default elementor-section-height-default\" data-id=\"acb90a6\" data-element_type=\"section\" data-e-type=\"section\">\n\t\t\t\t\t\t<div class=\"elementor-container elementor-column-gap-default\">\n\t\t\t\t\t<div class=\"elementor-column elementor-col-100 elementor-top-column elementor-element elementor-element-e9c91eb\" data-id=\"e9c91eb\" data-element_type=\"column\" data-e-type=\"column\">\n\t\t\t<div class=\"elementor-widget-wrap elementor-element-populated\">\n\t\t\t\t\t\t\t<\/div>\n\t\t<\/div>\n\t\t\t\t\t<\/div>\n\t\t<\/section>\n\t\t\t\t<section class=\"elementor-section elementor-top-section elementor-element elementor-element-60db46d elementor-section-boxed elementor-section-height-default elementor-section-height-default\" data-id=\"60db46d\" data-element_type=\"section\" data-e-type=\"section\">\n\t\t\t\t\t\t<div class=\"elementor-container elementor-column-gap-default\">\n\t\t\t\t\t<div class=\"elementor-column elementor-col-100 elementor-top-column elementor-element elementor-element-46fafe0\" data-id=\"46fafe0\" data-element_type=\"column\" data-e-type=\"column\">\n\t\t\t<div class=\"elementor-widget-wrap elementor-element-populated\">\n\t\t\t\t\t\t<div class=\"elementor-element elementor-element-f7ac02f elementor-widget elementor-widget-image\" data-id=\"f7ac02f\" data-element_type=\"widget\" data-e-type=\"widget\" data-widget_type=\"image.default\">\n\t\t\t\t\t\t\t\t\t\t\t\t\t\t\t<img fetchpriority=\"high\" decoding=\"async\" width=\"1024\" height=\"342\" src=\"https:\/\/schulke.de\/cms\/wp-content\/uploads\/2025\/09\/medorganizer_header_website-1024x342-1.jpg\" class=\"attachment-large size-large wp-image-521\" alt=\"\" srcset=\"https:\/\/schulke.de\/cms\/wp-content\/uploads\/2025\/09\/medorganizer_header_website-1024x342-1.jpg 1024w, https:\/\/schulke.de\/cms\/wp-content\/uploads\/2025\/09\/medorganizer_header_website-1024x342-1-300x100.jpg 300w, https:\/\/schulke.de\/cms\/wp-content\/uploads\/2025\/09\/medorganizer_header_website-1024x342-1-768x257.jpg 768w\" sizes=\"(max-width: 1024px) 100vw, 1024px\" \/>\t\t\t\t\t\t\t\t\t\t\t\t\t\t\t<\/div>\n\t\t\t\t\t<\/div>\n\t\t<\/div>\n\t\t\t\t\t<\/div>\n\t\t<\/section>\n\t\t\t\t<section class=\"elementor-section elementor-top-section elementor-element elementor-element-33fe8d5 elementor-section-boxed elementor-section-height-default elementor-section-height-default\" data-id=\"33fe8d5\" data-element_type=\"section\" data-e-type=\"section\">\n\t\t\t\t\t\t<div class=\"elementor-container elementor-column-gap-default\">\n\t\t\t\t\t<div class=\"elementor-column elementor-col-100 elementor-top-column elementor-element elementor-element-6edf73e\" data-id=\"6edf73e\" data-element_type=\"column\" data-e-type=\"column\">\n\t\t\t<div class=\"elementor-widget-wrap elementor-element-populated\">\n\t\t\t\t\t\t\t<\/div>\n\t\t<\/div>\n\t\t\t\t\t<\/div>\n\t\t<\/section>\n\t\t\t\t<section class=\"elementor-section elementor-top-section elementor-element elementor-element-8224dde elementor-section-boxed elementor-section-height-default elementor-section-height-default\" data-id=\"8224dde\" data-element_type=\"section\" data-e-type=\"section\">\n\t\t\t\t\t\t<div class=\"elementor-container elementor-column-gap-default\">\n\t\t\t\t\t<div class=\"elementor-column elementor-col-100 elementor-top-column elementor-element elementor-element-cdb4a67\" data-id=\"cdb4a67\" data-element_type=\"column\" data-e-type=\"column\">\n\t\t\t<div class=\"elementor-widget-wrap elementor-element-populated\">\n\t\t\t\t\t\t<div class=\"elementor-element elementor-element-54f4fca elementor-widget elementor-widget-heading\" data-id=\"54f4fca\" data-element_type=\"widget\" data-e-type=\"widget\" data-widget_type=\"heading.default\">\n\t\t\t\t\t<h2 class=\"elementor-heading-title elementor-size-default\">Elektronische Terminplanung im Gesundheitswesen<\/h2>\t\t\t\t<\/div>\n\t\t\t\t<div class=\"elementor-element elementor-element-cd84c1a elementor-widget elementor-widget-text-editor\" data-id=\"cd84c1a\" data-element_type=\"widget\" data-e-type=\"widget\" data-widget_type=\"text-editor.default\">\n\t\t\t\t\t\t\t\t\t<p>Eine professionelle Terminplanung ist in Einrichtungen des Gesundheitswesens die Grundvoraussetzung f\u00fcr einen reibungslosen Ablauf. Setzen Sie daher auf unsere Erfahrung aus \u00fcber 30 Jahren Praxis-Organisation und Terminplanung.<\/p><p>MEDorganizer ist eine Terminplaner-Software f\u00fcr Arztpraxen aller Fachrichtungen und Gr\u00f6\u00dfen. Die Software ist eine seit \u00fcber 17 Jahren etablierte L\u00f6sung f\u00fcr das Gesundheitswesen und in den Versionen V3.20 SQL BASIS \/ PROFI \/ MVZ verf\u00fcgbar.<\/p><p>MEDorganizer w\u00e4chst seit Jahren mit den Anforderungen seiner Anwender und wird laufend weiter entwickelt. So wurde die neue Version V3.20 SQL auf Basis einer SQL-Datenbank erstellt und um zahlreiche serverbasierende Dienste erweitert.<\/p><p>Die Software verf\u00fcgt \u00fcber standardisierte Schnittstellen (BDT \/ GDT \/ OLE \/ DDE \/ VDDS \/ \u2026) und kann daher an alle namhaften PVS und KIS angebunden werden. In einigen F\u00e4llen sind diese Schnittstellen auch bi-direktional verf\u00fcgbar, wodurch ein in MEDorganizer vergebener Termin in der elektronischen Karteikarte des Patienten abgespeichert wird.<\/p>\t\t\t\t\t\t\t\t<\/div>\n\t\t\t\t\t<\/div>\n\t\t<\/div>\n\t\t\t\t\t<\/div>\n\t\t<\/section>\n\t\t\t\t<section class=\"elementor-section elementor-top-section elementor-element elementor-element-9676f43 elementor-section-boxed elementor-section-height-default elementor-section-height-default\" data-id=\"9676f43\" data-element_type=\"section\" data-e-type=\"section\">\n\t\t\t\t\t\t<div class=\"elementor-container elementor-column-gap-default\">\n\t\t\t\t\t<div class=\"elementor-column elementor-col-100 elementor-top-column elementor-element elementor-element-f6cac08\" data-id=\"f6cac08\" data-element_type=\"column\" data-e-type=\"column\">\n\t\t\t<div class=\"elementor-widget-wrap elementor-element-populated\">\n\t\t\t\t\t\t\t<\/div>\n\t\t<\/div>\n\t\t\t\t\t<\/div>\n\t\t<\/section>\n\t\t\t\t<section class=\"elementor-section elementor-top-section elementor-element elementor-element-64268f8 elementor-section-boxed elementor-section-height-default elementor-section-height-default\" data-id=\"64268f8\" data-element_type=\"section\" data-e-type=\"section\">\n\t\t\t\t\t\t<div class=\"elementor-container elementor-column-gap-default\">\n\t\t\t\t\t<div class=\"elementor-column elementor-col-100 elementor-top-column elementor-element elementor-element-d6b162f\" data-id=\"d6b162f\" data-element_type=\"column\" data-e-type=\"column\">\n\t\t\t<div class=\"elementor-widget-wrap elementor-element-populated\">\n\t\t\t\t\t\t<div class=\"elementor-element elementor-element-3e282b4 elementor-widget elementor-widget-heading\" data-id=\"3e282b4\" data-element_type=\"widget\" data-e-type=\"widget\" data-widget_type=\"heading.default\">\n\t\t\t\t\t<h2 class=\"elementor-heading-title elementor-size-default\">Ressourcenverwaltung<\/h2>\t\t\t\t<\/div>\n\t\t\t\t<div class=\"elementor-element elementor-element-dd244ba elementor-widget elementor-widget-text-editor\" data-id=\"dd244ba\" data-element_type=\"widget\" data-e-type=\"widget\" data-widget_type=\"text-editor.default\">\n\t\t\t\t\t\t\t\t\t<p>Die Philosophie von MEDorganizer ist denkbar einfach: ein Patiententermin kann nur dann zustande kommen, wenn alle hierf\u00fcr notwendigen Ressourcen (Personal \/ Raum \/ Ger\u00e4t) zur Verf\u00fcgung stehen. Es ergibt keinen Sinn einen Patiententermin in einen Terminplaner \u201ehinein zu quetschen\u201c \u2013 wohl wissend \u2013 dass dieser Patient Wartezeiten in Kauf nehmen muss, bis die notwendigen Ressourcen zur Verf\u00fcgung stehen.<\/p><p>Selbstverst\u00e4ndlich m\u00fcssen aber auch unangemeldete Patienten \u2013 wie z.B. Notf\u00e4lle \u2013 verwaltet werden k\u00f6nnen. Die \u201emanuelle Terminvergabe\u201c ist daher auch in MEDorganizer m\u00f6glich, bei der die Ressourcen\u00fcberpr\u00fcfung umgangen wird. Damit aber diese Patienten nicht wiederum zu Wartezeiten f\u00fcr regul\u00e4r angemeldete Patienten f\u00fchren, ist die Anlage sogenannter Pufferzeiten notwendig. Pufferzeiten sind Freir\u00e4ume, die bei der automatischen Terminvergabe strikt ignoriert werden. Sie sind ausschlie\u00dflich f\u00fcr Notfallpatienten o.\u00e4. vorgesehen und k\u00f6nnen nur durch die manuelle Terminvergabe belegt werden.<\/p>\t\t\t\t\t\t\t\t<\/div>\n\t\t\t\t\t<\/div>\n\t\t<\/div>\n\t\t\t\t\t<\/div>\n\t\t<\/section>\n\t\t\t\t<section class=\"elementor-section elementor-top-section elementor-element elementor-element-5c60e8d elementor-section-boxed elementor-section-height-default elementor-section-height-default\" data-id=\"5c60e8d\" data-element_type=\"section\" data-e-type=\"section\">\n\t\t\t\t\t\t<div class=\"elementor-container elementor-column-gap-default\">\n\t\t\t\t\t<div class=\"elementor-column elementor-col-100 elementor-top-column elementor-element elementor-element-d2d0dfa\" data-id=\"d2d0dfa\" data-element_type=\"column\" data-e-type=\"column\">\n\t\t\t<div class=\"elementor-widget-wrap elementor-element-populated\">\n\t\t\t\t\t\t<div class=\"elementor-element elementor-element-8f467d0 elementor-widget elementor-widget-image\" data-id=\"8f467d0\" data-element_type=\"widget\" data-e-type=\"widget\" data-widget_type=\"image.default\">\n\t\t\t\t\t\t\t\t\t\t\t\t\t\t\t<img decoding=\"async\" width=\"1009\" height=\"534\" src=\"https:\/\/schulke.de\/cms\/wp-content\/uploads\/2025\/09\/medorg01.jpg\" class=\"attachment-large size-large wp-image-522\" alt=\"\" srcset=\"https:\/\/schulke.de\/cms\/wp-content\/uploads\/2025\/09\/medorg01.jpg 1009w, https:\/\/schulke.de\/cms\/wp-content\/uploads\/2025\/09\/medorg01-300x159.jpg 300w, https:\/\/schulke.de\/cms\/wp-content\/uploads\/2025\/09\/medorg01-768x406.jpg 768w\" sizes=\"(max-width: 1009px) 100vw, 1009px\" \/>\t\t\t\t\t\t\t\t\t\t\t\t\t\t\t<\/div>\n\t\t\t\t\t<\/div>\n\t\t<\/div>\n\t\t\t\t\t<\/div>\n\t\t<\/section>\n\t\t\t\t<section class=\"elementor-section elementor-top-section elementor-element elementor-element-15c7ef0 elementor-section-boxed elementor-section-height-default elementor-section-height-default\" data-id=\"15c7ef0\" data-element_type=\"section\" data-e-type=\"section\">\n\t\t\t\t\t\t<div class=\"elementor-container elementor-column-gap-default\">\n\t\t\t\t\t<div class=\"elementor-column elementor-col-100 elementor-top-column elementor-element elementor-element-fbbef9c\" data-id=\"fbbef9c\" data-element_type=\"column\" data-e-type=\"column\">\n\t\t\t<div class=\"elementor-widget-wrap elementor-element-populated\">\n\t\t\t\t\t\t\t<\/div>\n\t\t<\/div>\n\t\t\t\t\t<\/div>\n\t\t<\/section>\n\t\t\t\t<section class=\"elementor-section elementor-top-section elementor-element elementor-element-66d96e2 elementor-section-boxed elementor-section-height-default elementor-section-height-default\" data-id=\"66d96e2\" data-element_type=\"section\" data-e-type=\"section\">\n\t\t\t\t\t\t<div class=\"elementor-container elementor-column-gap-default\">\n\t\t\t\t\t<div class=\"elementor-column elementor-col-100 elementor-top-column elementor-element elementor-element-cbbb2ab\" data-id=\"cbbb2ab\" data-element_type=\"column\" data-e-type=\"column\">\n\t\t\t<div class=\"elementor-widget-wrap elementor-element-populated\">\n\t\t\t\t\t\t<div class=\"elementor-element elementor-element-6a3b3ac elementor-widget elementor-widget-heading\" data-id=\"6a3b3ac\" data-element_type=\"widget\" data-e-type=\"widget\" data-widget_type=\"heading.default\">\n\t\t\t\t\t<h2 class=\"elementor-heading-title elementor-size-default\">Terminvergabe<\/h2>\t\t\t\t<\/div>\n\t\t\t\t<div class=\"elementor-element elementor-element-26cd7e8 elementor-widget elementor-widget-text-editor\" data-id=\"26cd7e8\" data-element_type=\"widget\" data-e-type=\"widget\" data-widget_type=\"text-editor.default\">\n\t\t\t\t\t\t\t\t\t<p>Die M\u00f6glichkeiten Termine zu vergeben sind vielf\u00e4ltig. Neben dem klassischen Einzeltermin k\u00f6nnen Serientermine, Terminketten, Gruppentermine, 24h-Langzeittermine (LZEKG, LRR, \u2026) vergeben werden. In bestimmten F\u00e4llen kann es auch notwendig sein Termine in eine Vorbereitungs-, Hauptuntersuchungs- und Nachbereitungsphase zu unterteilen, oder die Termine mit Zusatzinformationen (Patienten-, Terminnotiz) zu versehen.<\/p><p>Die Terminvergabe selbst erfolgt intuitiv und mit nur wenigen Mausklicks. Die Auswahl des Patienten erfolgt entweder \u00fcber eine Schnittstelle aus dem PVS oder der internen Patientenliste. Nach Auswahl der entsprechenden Terminart werden f\u00fcr Monate im Voraus alle freien Terminzeiten angezeigt. Dabei hat der Anwender aber immer alle evtl. notwendigen Zusatzinformationen (vereinbarte, wahrgenommene, vers\u00e4umte oder noch offene Termine, Terminnotizen, Patientennotizen, Abrechnungshinweise f\u00fcr max. Anzahl \/ Tag oder Quartal) im Blick.<\/p>\t\t\t\t\t\t\t\t<\/div>\n\t\t\t\t\t<\/div>\n\t\t<\/div>\n\t\t\t\t\t<\/div>\n\t\t<\/section>\n\t\t\t\t<section class=\"elementor-section elementor-top-section elementor-element elementor-element-6c01580 elementor-section-boxed elementor-section-height-default elementor-section-height-default\" data-id=\"6c01580\" data-element_type=\"section\" data-e-type=\"section\">\n\t\t\t\t\t\t<div class=\"elementor-container elementor-column-gap-default\">\n\t\t\t\t\t<div class=\"elementor-column elementor-col-100 elementor-top-column elementor-element elementor-element-c17cab4\" data-id=\"c17cab4\" data-element_type=\"column\" data-e-type=\"column\">\n\t\t\t<div class=\"elementor-widget-wrap elementor-element-populated\">\n\t\t\t\t\t\t\t<\/div>\n\t\t<\/div>\n\t\t\t\t\t<\/div>\n\t\t<\/section>\n\t\t\t\t<section class=\"elementor-section elementor-top-section elementor-element elementor-element-1ea9ace elementor-section-boxed elementor-section-height-default elementor-section-height-default\" data-id=\"1ea9ace\" data-element_type=\"section\" data-e-type=\"section\">\n\t\t\t\t\t\t<div class=\"elementor-container elementor-column-gap-default\">\n\t\t\t\t\t<div class=\"elementor-column elementor-col-100 elementor-top-column elementor-element elementor-element-798e016\" data-id=\"798e016\" data-element_type=\"column\" data-e-type=\"column\">\n\t\t\t<div class=\"elementor-widget-wrap elementor-element-populated\">\n\t\t\t\t\t\t<div class=\"elementor-element elementor-element-ec53944 elementor-widget elementor-widget-heading\" data-id=\"ec53944\" data-element_type=\"widget\" data-e-type=\"widget\" data-widget_type=\"heading.default\">\n\t\t\t\t\t<h2 class=\"elementor-heading-title elementor-size-default\">Terminkontrolle<\/h2>\t\t\t\t<\/div>\n\t\t\t\t<div class=\"elementor-element elementor-element-e01e7dc elementor-widget elementor-widget-text-editor\" data-id=\"e01e7dc\" data-element_type=\"widget\" data-e-type=\"widget\" data-widget_type=\"text-editor.default\">\n\t\t\t\t\t\t\t\t\t<p>Die strukturierte Terminplanung f\u00fcr Monate im Voraus ist das eine, die tagesaktuelle Kontrolle ein anderes. Mit einer integrierten Wartezimmerliste haben Sie den gesamten Praxisablauf im \u00dcberblick. Im Gegensatz zu den herk\u00f6mmlichen Wartezimmerlisten, die vom Anwender mit jedem neu eintreffenden Patienten \u201ebef\u00fcllt\u201c werden muss, stellt Ihnen MEDorganizer jeden Morgen eine vollst\u00e4ndige Liste aller f\u00fcr den aktuellen Tag zu erwartenden Patienten zur Verf\u00fcgung.<\/p><p>Jeder Anwender kann an seinem Arbeitsplatz seine pers\u00f6nliche Wartezimmerliste aufrufen und nur die f\u00fcr ihn relevanten Termine filtern. Die tats\u00e4chliche Wartezeit wird nach dem Ampelprinzip in Farbe dargestellt, Raum- und Personalbelegungen ebenso angezeigt, wie Patienten die offensichtlich zu sp\u00e4t kommen, oder ihren Termin gar vers\u00e4umt haben.<\/p><p>Die Wartezimmerliste ist aber nicht nur ein unverzichtbares Instrument f\u00fcr die t\u00e4gliche Terminkontrolle. Mit jedem Mausklick f\u00fcr Patientenankunft, Behandlungsbeginn und Behandlungsende werden die Zeiten f\u00fcr statistische Auswertungen der durchschnittlichen Wartezeiten und tats\u00e4chlichen Behandlungszeiten herangezogen.<\/p>\t\t\t\t\t\t\t\t<\/div>\n\t\t\t\t\t<\/div>\n\t\t<\/div>\n\t\t\t\t\t<\/div>\n\t\t<\/section>\n\t\t\t\t<section class=\"elementor-section elementor-top-section elementor-element elementor-element-4d9e713 elementor-section-boxed elementor-section-height-default elementor-section-height-default\" data-id=\"4d9e713\" data-element_type=\"section\" data-e-type=\"section\">\n\t\t\t\t\t\t<div class=\"elementor-container elementor-column-gap-default\">\n\t\t\t\t\t<div class=\"elementor-column elementor-col-100 elementor-top-column elementor-element elementor-element-7260069\" data-id=\"7260069\" data-element_type=\"column\" data-e-type=\"column\">\n\t\t\t<div class=\"elementor-widget-wrap elementor-element-populated\">\n\t\t\t\t\t\t\t<\/div>\n\t\t<\/div>\n\t\t\t\t\t<\/div>\n\t\t<\/section>\n\t\t\t\t<section class=\"elementor-section elementor-top-section elementor-element elementor-element-7d7d7b3 elementor-section-boxed elementor-section-height-default elementor-section-height-default\" data-id=\"7d7d7b3\" data-element_type=\"section\" data-e-type=\"section\">\n\t\t\t\t\t\t<div class=\"elementor-container elementor-column-gap-default\">\n\t\t\t\t\t<div class=\"elementor-column elementor-col-100 elementor-top-column elementor-element elementor-element-3882aa2\" data-id=\"3882aa2\" data-element_type=\"column\" data-e-type=\"column\">\n\t\t\t<div class=\"elementor-widget-wrap elementor-element-populated\">\n\t\t\t\t\t\t<div class=\"elementor-element elementor-element-959b01a elementor-widget elementor-widget-heading\" data-id=\"959b01a\" data-element_type=\"widget\" data-e-type=\"widget\" data-widget_type=\"heading.default\">\n\t\t\t\t\t<h2 class=\"elementor-heading-title elementor-size-default\">Datensicherheit<\/h2>\t\t\t\t<\/div>\n\t\t\t\t<div class=\"elementor-element elementor-element-f604988 elementor-widget elementor-widget-text-editor\" data-id=\"f604988\" data-element_type=\"widget\" data-e-type=\"widget\" data-widget_type=\"text-editor.default\">\n\t\t\t\t\t\t\t\t\t<div class=\"paragraph\"><div class=\"ngparapanotext ngparapanotextshow\"><div class=\"sqrallwaysboxed\"><div id=\"ngparapanotextw7e2c12131600a94b576656817158832\" class=\"ngparapanotextfade\"><p>MEDorganizer verf\u00fcgt \u00fcber eine interne Backup- \/ Restore-Funktion. Der Termin-Server-Dienst erstellt jede Nacht automatisch eine Datensicherung, berechnet zus\u00e4tzlich alle freien Termine f\u00fcr den vom Anwender vorgegebenen Zeitraum und trennt evtl. nicht korrekt abgemeldete Clients von der Datenbank. Zus\u00e4tzlich werden Datensicherungen erstellt, wenn \u00c4nderungen in der Datenbank (Sandbox-Modus) vorgenommen werden und das Programm beendet wird.<\/p><\/div><\/div><\/div><\/div><p>Weiterf\u00fchrende Informationen zum Produkt, sowie zu den verschiedenen Lizenzmodellen und technische Anforderungen erfahren Sie auf der Herstellerwebseite unter: <a href=\"http:\/\/www.medorganizer.de\">www.medorganizer.de<\/a><\/p>\t\t\t\t\t\t\t\t<\/div>\n\t\t\t\t\t<\/div>\n\t\t<\/div>\n\t\t\t\t\t<\/div>\n\t\t<\/section>\n\t\t\t\t<section class=\"elementor-section elementor-top-section elementor-element elementor-element-42e40a7 elementor-section-boxed elementor-section-height-default elementor-section-height-default\" data-id=\"42e40a7\" data-element_type=\"section\" data-e-type=\"section\">\n\t\t\t\t\t\t<div class=\"elementor-container elementor-column-gap-default\">\n\t\t\t\t\t<div class=\"elementor-column elementor-col-100 elementor-top-column elementor-element elementor-element-3f79017\" data-id=\"3f79017\" data-element_type=\"column\" data-e-type=\"column\">\n\t\t\t<div class=\"elementor-widget-wrap elementor-element-populated\">\n\t\t\t\t\t\t\t<\/div>\n\t\t<\/div>\n\t\t\t\t\t<\/div>\n\t\t<\/section>\n\t\t\t\t<\/div>\n\t\t","protected":false},"excerpt":{"rendered":"<p>MEDorganizer Elektronische Terminplanung im Gesundheitswesen Eine professionelle Terminplanung ist in Einrichtungen des Gesundheitswesens die Grundvoraussetzung f\u00fcr einen reibungslosen Ablauf. Setzen Sie daher auf unsere Erfahrung aus \u00fcber 30 Jahren Praxis-Organisation und Terminplanung. MEDorganizer ist eine Terminplaner-Software f\u00fcr Arztpraxen aller Fachrichtungen und Gr\u00f6\u00dfen. Die Software ist eine seit \u00fcber 17 Jahren etablierte L\u00f6sung f\u00fcr das Gesundheitswesen&hellip;<\/p>\n","protected":false},"author":1,"featured_media":0,"parent":128,"menu_order":0,"comment_status":"closed","ping_status":"closed","template":"","meta":{"footnotes":""},"class_list":["post-225","page","type-page","status-publish","hentry"],"_links":{"self":[{"href":"https:\/\/schulke.de\/cms\/wp-json\/wp\/v2\/pages\/225","targetHints":{"allow":["GET"]}}],"collection":[{"href":"https:\/\/schulke.de\/cms\/wp-json\/wp\/v2\/pages"}],"about":[{"href":"https:\/\/schulke.de\/cms\/wp-json\/wp\/v2\/types\/page"}],"author":[{"embeddable":true,"href":"https:\/\/schulke.de\/cms\/wp-json\/wp\/v2\/users\/1"}],"replies":[{"embeddable":true,"href":"https:\/\/schulke.de\/cms\/wp-json\/wp\/v2\/comments?post=225"}],"version-history":[{"count":4,"href":"https:\/\/schulke.de\/cms\/wp-json\/wp\/v2\/pages\/225\/revisions"}],"predecessor-version":[{"id":525,"href":"https:\/\/schulke.de\/cms\/wp-json\/wp\/v2\/pages\/225\/revisions\/525"}],"up":[{"embeddable":true,"href":"https:\/\/schulke.de\/cms\/wp-json\/wp\/v2\/pages\/128"}],"wp:attachment":[{"href":"https:\/\/schulke.de\/cms\/wp-json\/wp\/v2\/media?parent=225"}],"curies":[{"name":"wp","href":"https:\/\/api.w.org\/{rel}","templated":true}]}}