{"id":227,"date":"2025-09-23T10:24:53","date_gmt":"2025-09-23T08:24:53","guid":{"rendered":"https:\/\/schulke.de\/cms\/?page_id=227"},"modified":"2025-09-23T16:45:18","modified_gmt":"2025-09-23T14:45:18","slug":"dienstleistungen","status":"publish","type":"page","link":"https:\/\/schulke.de\/cms\/produkte\/dienstleistungen\/","title":{"rendered":"Dienstleistungen"},"content":{"rendered":"\t\t<div data-elementor-type=\"wp-page\" data-elementor-id=\"227\" class=\"elementor elementor-227\">\n\t\t\t\t\t\t<section class=\"elementor-section elementor-top-section elementor-element elementor-element-67c3b60 elementor-section-height-min-height elementor-section-boxed elementor-section-height-default elementor-section-items-middle\" data-id=\"67c3b60\" data-element_type=\"section\" data-e-type=\"section\" data-settings=\"{&quot;background_background&quot;:&quot;classic&quot;}\">\n\t\t\t\t\t\t<div class=\"elementor-container elementor-column-gap-default\">\n\t\t\t\t\t<div class=\"elementor-column elementor-col-100 elementor-top-column elementor-element elementor-element-5a589e4\" data-id=\"5a589e4\" data-element_type=\"column\" data-e-type=\"column\">\n\t\t\t<div class=\"elementor-widget-wrap\">\n\t\t\t\t\t\t\t<\/div>\n\t\t<\/div>\n\t\t\t\t\t<\/div>\n\t\t<\/section>\n\t\t\t\t<section class=\"elementor-section elementor-top-section elementor-element elementor-element-1cf909c elementor-section-boxed elementor-section-height-default elementor-section-height-default\" data-id=\"1cf909c\" data-element_type=\"section\" data-e-type=\"section\">\n\t\t\t\t\t\t<div class=\"elementor-container elementor-column-gap-default\">\n\t\t\t\t\t<div class=\"elementor-column elementor-col-100 elementor-top-column elementor-element elementor-element-37c0be7\" data-id=\"37c0be7\" data-element_type=\"column\" data-e-type=\"column\">\n\t\t\t<div class=\"elementor-widget-wrap elementor-element-populated\">\n\t\t\t\t\t\t\t<\/div>\n\t\t<\/div>\n\t\t\t\t\t<\/div>\n\t\t<\/section>\n\t\t\t\t<section class=\"elementor-section elementor-top-section elementor-element elementor-element-5076f20 elementor-section-boxed elementor-section-height-default elementor-section-height-default\" data-id=\"5076f20\" data-element_type=\"section\" data-e-type=\"section\">\n\t\t\t\t\t\t<div class=\"elementor-container elementor-column-gap-default\">\n\t\t\t\t\t<div class=\"elementor-column elementor-col-100 elementor-top-column elementor-element elementor-element-3ffe8a6\" data-id=\"3ffe8a6\" data-element_type=\"column\" data-e-type=\"column\">\n\t\t\t<div class=\"elementor-widget-wrap elementor-element-populated\">\n\t\t\t\t\t\t<div class=\"elementor-element elementor-element-ef1f4d4 elementor-widget elementor-widget-heading\" data-id=\"ef1f4d4\" data-element_type=\"widget\" data-e-type=\"widget\" data-widget_type=\"heading.default\">\n\t\t\t\t\t<h1 class=\"elementor-heading-title elementor-size-xl\">Dienstleistungen<\/h1>\t\t\t\t<\/div>\n\t\t\t\t\t<\/div>\n\t\t<\/div>\n\t\t\t\t\t<\/div>\n\t\t<\/section>\n\t\t\t\t<section class=\"elementor-section elementor-top-section elementor-element elementor-element-cc19fd1 elementor-section-boxed elementor-section-height-default elementor-section-height-default\" data-id=\"cc19fd1\" data-element_type=\"section\" data-e-type=\"section\">\n\t\t\t\t\t\t<div class=\"elementor-container elementor-column-gap-default\">\n\t\t\t\t\t<div class=\"elementor-column elementor-col-100 elementor-top-column elementor-element elementor-element-f456d49\" data-id=\"f456d49\" data-element_type=\"column\" data-e-type=\"column\">\n\t\t\t<div class=\"elementor-widget-wrap elementor-element-populated\">\n\t\t\t\t\t\t\t<\/div>\n\t\t<\/div>\n\t\t\t\t\t<\/div>\n\t\t<\/section>\n\t\t\t\t<section class=\"elementor-section elementor-top-section elementor-element elementor-element-246b606 elementor-section-boxed elementor-section-height-default elementor-section-height-default\" data-id=\"246b606\" data-element_type=\"section\" data-e-type=\"section\">\n\t\t\t\t\t\t<div class=\"elementor-container elementor-column-gap-default\">\n\t\t\t\t\t<div class=\"elementor-column elementor-col-100 elementor-top-column elementor-element elementor-element-bf167a9\" data-id=\"bf167a9\" data-element_type=\"column\" data-e-type=\"column\">\n\t\t\t<div class=\"elementor-widget-wrap elementor-element-populated\">\n\t\t\t\t\t\t<section class=\"elementor-section elementor-inner-section elementor-element elementor-element-eb54514 elementor-section-boxed elementor-section-height-default elementor-section-height-default elementor-invisible\" data-id=\"eb54514\" data-element_type=\"section\" data-e-type=\"section\" data-settings=\"{&quot;animation&quot;:&quot;slideInLeft&quot;}\">\n\t\t\t\t\t\t<div class=\"elementor-container elementor-column-gap-default\">\n\t\t\t\t\t<div class=\"elementor-column elementor-col-33 elementor-inner-column elementor-element elementor-element-166231e\" data-id=\"166231e\" data-element_type=\"column\" data-e-type=\"column\">\n\t\t\t<div class=\"elementor-widget-wrap elementor-element-populated\">\n\t\t\t\t\t\t<div class=\"elementor-element elementor-element-8ada55e elementor-widget elementor-widget-image\" data-id=\"8ada55e\" data-element_type=\"widget\" data-e-type=\"widget\" data-widget_type=\"image.default\">\n\t\t\t\t\t\t\t\t\t\t\t\t\t\t\t<img fetchpriority=\"high\" decoding=\"async\" width=\"640\" height=\"427\" src=\"https:\/\/schulke.de\/cms\/wp-content\/uploads\/2025\/09\/board-schulung.jpg\" class=\"attachment-large size-large wp-image-527\" alt=\"\" srcset=\"https:\/\/schulke.de\/cms\/wp-content\/uploads\/2025\/09\/board-schulung.jpg 640w, https:\/\/schulke.de\/cms\/wp-content\/uploads\/2025\/09\/board-schulung-300x200.jpg 300w\" sizes=\"(max-width: 640px) 100vw, 640px\" \/>\t\t\t\t\t\t\t\t\t\t\t\t\t\t\t<\/div>\n\t\t\t\t\t<\/div>\n\t\t<\/div>\n\t\t\t\t<div class=\"elementor-column elementor-col-66 elementor-inner-column elementor-element elementor-element-aff9ca0\" data-id=\"aff9ca0\" data-element_type=\"column\" data-e-type=\"column\">\n\t\t\t<div class=\"elementor-widget-wrap elementor-element-populated\">\n\t\t\t\t\t\t<div class=\"elementor-element elementor-element-1223de6 elementor-widget elementor-widget-heading\" data-id=\"1223de6\" data-element_type=\"widget\" data-e-type=\"widget\" data-widget_type=\"heading.default\">\n\t\t\t\t\t<h2 class=\"elementor-heading-title elementor-size-default\">Schulung<\/h2>\t\t\t\t<\/div>\n\t\t\t\t<div class=\"elementor-element elementor-element-64f2f78 elementor-widget elementor-widget-text-editor\" data-id=\"64f2f78\" data-element_type=\"widget\" data-e-type=\"widget\" data-widget_type=\"text-editor.default\">\n\t\t\t\t\t\t\t\t\t<p>Aufgrund der vielen, notwendigen Dokumentationen der Behandlungen kommt oft die Behandlung an sich zu kurz. Mit wenigen Handgriffen und Tasten kann man ganze Arbeitsabl\u00e4ufe vereinfachen.<br \/>Zusammen mit Ihnen schulen wir den Umgang mit dem Praxissystem, um schneller und effizienter arbeiten zu k\u00f6nnen. Mit effizienter Bedienung wird nicht nur die Arbeit der Mitarbeiter erleichtert, sondern es wird au\u00dferdem der Praxisablauf au\u00dferhalb der Behandlungen beschleunigt. So bleibt mehr Zeit f\u00fcr den Patienten, ohne Abstriche bei der Dokumentation machen zu m\u00fcssen.<\/p>\t\t\t\t\t\t\t\t<\/div>\n\t\t\t\t\t<\/div>\n\t\t<\/div>\n\t\t\t\t\t<\/div>\n\t\t<\/section>\n\t\t\t\t\t<\/div>\n\t\t<\/div>\n\t\t\t\t\t<\/div>\n\t\t<\/section>\n\t\t\t\t<section class=\"elementor-section elementor-top-section elementor-element elementor-element-7e9fc09 elementor-section-boxed elementor-section-height-default elementor-section-height-default\" data-id=\"7e9fc09\" data-element_type=\"section\" data-e-type=\"section\">\n\t\t\t\t\t\t<div class=\"elementor-container elementor-column-gap-default\">\n\t\t\t\t\t<div class=\"elementor-column elementor-col-100 elementor-top-column elementor-element elementor-element-573c33e\" data-id=\"573c33e\" data-element_type=\"column\" data-e-type=\"column\">\n\t\t\t<div class=\"elementor-widget-wrap elementor-element-populated\">\n\t\t\t\t\t\t<section class=\"elementor-section elementor-inner-section elementor-element elementor-element-abcd6b3 elementor-section-boxed elementor-section-height-default elementor-section-height-default elementor-invisible\" data-id=\"abcd6b3\" data-element_type=\"section\" data-e-type=\"section\" data-settings=\"{&quot;animation&quot;:&quot;slideInRight&quot;}\">\n\t\t\t\t\t\t<div class=\"elementor-container elementor-column-gap-default\">\n\t\t\t\t\t<div class=\"elementor-column elementor-col-66 elementor-inner-column elementor-element elementor-element-2759893\" data-id=\"2759893\" data-element_type=\"column\" data-e-type=\"column\">\n\t\t\t<div class=\"elementor-widget-wrap elementor-element-populated\">\n\t\t\t\t\t\t<div class=\"elementor-element elementor-element-2003298 elementor-widget elementor-widget-heading\" data-id=\"2003298\" data-element_type=\"widget\" data-e-type=\"widget\" data-widget_type=\"heading.default\">\n\t\t\t\t\t<h2 class=\"elementor-heading-title elementor-size-default\">Wartung und Support<\/h2>\t\t\t\t<\/div>\n\t\t\t\t<div class=\"elementor-element elementor-element-a0516e1 elementor-widget elementor-widget-text-editor\" data-id=\"a0516e1\" data-element_type=\"widget\" data-e-type=\"widget\" data-widget_type=\"text-editor.default\">\n\t\t\t\t\t\t\t\t\t<p>Im digitalen Zeitalter ist es ein Kinderspiel, Software \u00fcber regelm\u00e4\u00dfige Updates auf dem neusten Stand zu halten. Abgesehen davon, dass die Updates eingespielt werden m\u00fcssen, kann es auch \u00f6fters vorkommen, dass ein Update nicht so funktioniert, wie es sollte. Dann k\u00fcmmern wir uns um eine m\u00f6glichst schnelle Fehlerbehebung. Daf\u00fcr ist meistens nicht mal mehr ein Techniker Vorort n\u00f6tig, da sich die meisten Probleme schon telefonisch oder per Fernwartung l\u00f6sen lassen. Informieren sie uns, wenn ein Problem vorliegt und wir k\u00fcmmern uns direkt um eine L\u00f6sung oder hinterlegen ein Ticket, sollte gerade kein Techniker zur Verf\u00fcgung stehen.<\/p><p>Voraussetzung f\u00fcr eine gut funktionierende Software ist auch eine funktionsf\u00e4hige und nicht allzu in die Jahre gekommene Hardware. Wir beraten Sie, welche Hardware f\u00fcr einen reibungslosen Praxisablauf ben\u00f6tigt wird und richten dann die verwendete Software ein. Sollte hier mal ein Bauteil ausfallen, k\u00fcmmern wir uns ebenfalls um die Reparatur bzw. den Austausch des Ger\u00e4tes.<\/p>\t\t\t\t\t\t\t\t<\/div>\n\t\t\t\t\t<\/div>\n\t\t<\/div>\n\t\t\t\t<div class=\"elementor-column elementor-col-33 elementor-inner-column elementor-element elementor-element-3b2fd0d\" data-id=\"3b2fd0d\" data-element_type=\"column\" data-e-type=\"column\">\n\t\t\t<div class=\"elementor-widget-wrap elementor-element-populated\">\n\t\t\t\t\t\t<div class=\"elementor-element elementor-element-97ecf32 elementor-widget elementor-widget-image\" data-id=\"97ecf32\" data-element_type=\"widget\" data-e-type=\"widget\" data-widget_type=\"image.default\">\n\t\t\t\t\t\t\t\t\t\t\t\t\t\t\t<img decoding=\"async\" width=\"640\" height=\"427\" src=\"https:\/\/schulke.de\/cms\/wp-content\/uploads\/2025\/09\/board-support.jpg\" class=\"attachment-large size-large wp-image-528\" alt=\"\" srcset=\"https:\/\/schulke.de\/cms\/wp-content\/uploads\/2025\/09\/board-support.jpg 640w, https:\/\/schulke.de\/cms\/wp-content\/uploads\/2025\/09\/board-support-300x200.jpg 300w\" sizes=\"(max-width: 640px) 100vw, 640px\" \/>\t\t\t\t\t\t\t\t\t\t\t\t\t\t\t<\/div>\n\t\t\t\t\t<\/div>\n\t\t<\/div>\n\t\t\t\t\t<\/div>\n\t\t<\/section>\n\t\t\t\t\t<\/div>\n\t\t<\/div>\n\t\t\t\t\t<\/div>\n\t\t<\/section>\n\t\t\t\t<section class=\"elementor-section elementor-top-section elementor-element elementor-element-11a7ad5 elementor-section-boxed elementor-section-height-default elementor-section-height-default\" data-id=\"11a7ad5\" data-element_type=\"section\" data-e-type=\"section\">\n\t\t\t\t\t\t<div class=\"elementor-container elementor-column-gap-default\">\n\t\t\t\t\t<div class=\"elementor-column elementor-col-100 elementor-top-column elementor-element elementor-element-25f41bf\" data-id=\"25f41bf\" data-element_type=\"column\" data-e-type=\"column\">\n\t\t\t<div class=\"elementor-widget-wrap elementor-element-populated\">\n\t\t\t\t\t\t<section class=\"elementor-section elementor-inner-section elementor-element elementor-element-3ef9fd2 elementor-section-boxed elementor-section-height-default elementor-section-height-default elementor-invisible\" data-id=\"3ef9fd2\" data-element_type=\"section\" data-e-type=\"section\" data-settings=\"{&quot;animation&quot;:&quot;slideInLeft&quot;}\">\n\t\t\t\t\t\t<div class=\"elementor-container elementor-column-gap-default\">\n\t\t\t\t\t<div class=\"elementor-column elementor-col-33 elementor-inner-column elementor-element elementor-element-1f10526\" data-id=\"1f10526\" data-element_type=\"column\" data-e-type=\"column\">\n\t\t\t<div class=\"elementor-widget-wrap elementor-element-populated\">\n\t\t\t\t\t\t<div class=\"elementor-element elementor-element-8c12529 elementor-widget elementor-widget-image\" data-id=\"8c12529\" data-element_type=\"widget\" data-e-type=\"widget\" data-widget_type=\"image.default\">\n\t\t\t\t\t\t\t\t\t\t\t\t\t\t\t<img decoding=\"async\" width=\"640\" height=\"427\" src=\"https:\/\/schulke.de\/cms\/wp-content\/uploads\/2025\/09\/board-begleitung.jpg\" class=\"attachment-large size-large wp-image-529\" alt=\"\" srcset=\"https:\/\/schulke.de\/cms\/wp-content\/uploads\/2025\/09\/board-begleitung.jpg 640w, https:\/\/schulke.de\/cms\/wp-content\/uploads\/2025\/09\/board-begleitung-300x200.jpg 300w\" sizes=\"(max-width: 640px) 100vw, 640px\" \/>\t\t\t\t\t\t\t\t\t\t\t\t\t\t\t<\/div>\n\t\t\t\t\t<\/div>\n\t\t<\/div>\n\t\t\t\t<div class=\"elementor-column elementor-col-66 elementor-inner-column elementor-element elementor-element-1d03090\" data-id=\"1d03090\" data-element_type=\"column\" data-e-type=\"column\">\n\t\t\t<div class=\"elementor-widget-wrap elementor-element-populated\">\n\t\t\t\t\t\t<div class=\"elementor-element elementor-element-fe6dc00 elementor-widget elementor-widget-heading\" data-id=\"fe6dc00\" data-element_type=\"widget\" data-e-type=\"widget\" data-widget_type=\"heading.default\">\n\t\t\t\t\t<h2 class=\"elementor-heading-title elementor-size-default\">Praxisberatung<\/h2>\t\t\t\t<\/div>\n\t\t\t\t<div class=\"elementor-element elementor-element-5f351db elementor-widget elementor-widget-text-editor\" data-id=\"5f351db\" data-element_type=\"widget\" data-e-type=\"widget\" data-widget_type=\"text-editor.default\">\n\t\t\t\t\t\t\t\t\t<p>Aufgrund unserer langj\u00e4hrigen Zusammenarbeit mit Arztpraxen haben wir schon viele neue Praxen von Grund auf begleitet. Hierbei sammelt man viele Erfahrungen im Praxisaufbau, welche wir gerne an unsere Kunden weitergeben. Sollten sie also eine Neuer\u00f6ffnung oder den Umbau Ihrer Praxis anstreben oder einfach nur die Praxishardware auf den neusten Stand bringen wollen, stehen wir Ihnen gerne mit Rat und Tat zur Seite.<\/p>\t\t\t\t\t\t\t\t<\/div>\n\t\t\t\t\t<\/div>\n\t\t<\/div>\n\t\t\t\t\t<\/div>\n\t\t<\/section>\n\t\t\t\t\t<\/div>\n\t\t<\/div>\n\t\t\t\t\t<\/div>\n\t\t<\/section>\n\t\t\t\t<section class=\"elementor-section elementor-top-section elementor-element elementor-element-d851fd4 elementor-section-boxed elementor-section-height-default elementor-section-height-default\" data-id=\"d851fd4\" data-element_type=\"section\" data-e-type=\"section\">\n\t\t\t\t\t\t<div class=\"elementor-container elementor-column-gap-default\">\n\t\t\t\t\t<div class=\"elementor-column elementor-col-100 elementor-top-column elementor-element elementor-element-4ce67f6\" data-id=\"4ce67f6\" data-element_type=\"column\" data-e-type=\"column\">\n\t\t\t<div class=\"elementor-widget-wrap elementor-element-populated\">\n\t\t\t\t\t\t\t<\/div>\n\t\t<\/div>\n\t\t\t\t\t<\/div>\n\t\t<\/section>\n\t\t\t\t<\/div>\n\t\t","protected":false},"excerpt":{"rendered":"<p>Dienstleistungen Schulung Aufgrund der vielen, notwendigen Dokumentationen der Behandlungen kommt oft die Behandlung an sich zu kurz. Mit wenigen Handgriffen und Tasten kann man ganze Arbeitsabl\u00e4ufe vereinfachen.Zusammen mit Ihnen schulen wir den Umgang mit dem Praxissystem, um schneller und effizienter arbeiten zu k\u00f6nnen. Mit effizienter Bedienung wird nicht nur die Arbeit der Mitarbeiter erleichtert, sondern&hellip;<\/p>\n","protected":false},"author":1,"featured_media":0,"parent":128,"menu_order":0,"comment_status":"closed","ping_status":"closed","template":"","meta":{"footnotes":""},"class_list":["post-227","page","type-page","status-publish","hentry"],"_links":{"self":[{"href":"https:\/\/schulke.de\/cms\/wp-json\/wp\/v2\/pages\/227","targetHints":{"allow":["GET"]}}],"collection":[{"href":"https:\/\/schulke.de\/cms\/wp-json\/wp\/v2\/pages"}],"about":[{"href":"https:\/\/schulke.de\/cms\/wp-json\/wp\/v2\/types\/page"}],"author":[{"embeddable":true,"href":"https:\/\/schulke.de\/cms\/wp-json\/wp\/v2\/users\/1"}],"replies":[{"embeddable":true,"href":"https:\/\/schulke.de\/cms\/wp-json\/wp\/v2\/comments?post=227"}],"version-history":[{"count":4,"href":"https:\/\/schulke.de\/cms\/wp-json\/wp\/v2\/pages\/227\/revisions"}],"predecessor-version":[{"id":532,"href":"https:\/\/schulke.de\/cms\/wp-json\/wp\/v2\/pages\/227\/revisions\/532"}],"up":[{"embeddable":true,"href":"https:\/\/schulke.de\/cms\/wp-json\/wp\/v2\/pages\/128"}],"wp:attachment":[{"href":"https:\/\/schulke.de\/cms\/wp-json\/wp\/v2\/media?parent=227"}],"curies":[{"name":"wp","href":"https:\/\/api.w.org\/{rel}","templated":true}]}}